{"id":14901,"date":"2024-06-25T11:01:21","date_gmt":"2024-06-25T09:01:21","guid":{"rendered":"http:\/\/develop.eam-scientific.com\/imprint\/"},"modified":"2024-06-28T08:28:35","modified_gmt":"2024-06-28T06:28:35","slug":"impressum","status":"publish","type":"page","link":"https:\/\/develop.eam-scientific.com\/en\/impressum\/","title":{"rendered":"Imprint"},"content":{"rendered":"\n<p><strong>E&amp;M SCIENTIFIC<\/strong><br\/>KIZILIRMAK MAH. UFUK \u00dcNIVERSITESI CAD.  <br\/>NO: 18 I\u00c7 KAPI NO. 44  <br\/>\u00c7ANKAYA \/ ANKARA<br\/><br\/>Phone +90 555 823 16 17  <br\/>E-mail <a href=\"tel:123-456-7890\">info@eam-scientific.com<\/a><\/p>\n\n<p><\/p>\n","protected":false},"excerpt":{"rendered":"<p>E&amp;M SCIENTIFICKIZILIRMAK MAH. UFUK \u00dcNIVERSITESI CAD. NO: 18 I\u00c7 KAPI NO. 44 \u00c7ANKAYA \/ ANKARA Phone +90 555 823 16 17 E-mail info@eam-scientific.com<\/p>\n","protected":false},"author":1,"featured_media":0,"parent":0,"menu_order":0,"comment_status":"closed","ping_status":"closed","template":"","meta":{"footnotes":""},"class_list":["post-14901","page","type-page","status-publish","hentry"],"_links":{"self":[{"href":"https:\/\/develop.eam-scientific.com\/en\/wp-json\/wp\/v2\/pages\/14901","targetHints":{"allow":["GET"]}}],"collection":[{"href":"https:\/\/develop.eam-scientific.com\/en\/wp-json\/wp\/v2\/pages"}],"about":[{"href":"https:\/\/develop.eam-scientific.com\/en\/wp-json\/wp\/v2\/types\/page"}],"author":[{"embeddable":true,"href":"https:\/\/develop.eam-scientific.com\/en\/wp-json\/wp\/v2\/users\/1"}],"replies":[{"embeddable":true,"href":"https:\/\/develop.eam-scientific.com\/en\/wp-json\/wp\/v2\/comments?post=14901"}],"version-history":[{"count":4,"href":"https:\/\/develop.eam-scientific.com\/en\/wp-json\/wp\/v2\/pages\/14901\/revisions"}],"predecessor-version":[{"id":15065,"href":"https:\/\/develop.eam-scientific.com\/en\/wp-json\/wp\/v2\/pages\/14901\/revisions\/15065"}],"wp:attachment":[{"href":"https:\/\/develop.eam-scientific.com\/en\/wp-json\/wp\/v2\/media?parent=14901"}],"curies":[{"name":"wp","href":"https:\/\/api.w.org\/{rel}","templated":true}]}}