{"id":11157,"date":"2024-06-20T14:48:22","date_gmt":"2024-06-20T12:48:22","guid":{"rendered":"http:\/\/develop.eam-scientific.com\/produkt\/spe-kolonu-chromabond-sioh-45-%c2%b5m-150-ml-50000-mg\/"},"modified":"2024-06-28T10:08:43","modified_gmt":"2024-06-28T08:08:43","slug":"spe-kolonu-chromabond-sioh-45-%c2%b5m-150-ml-50000-mg","status":"publish","type":"product","link":"https:\/\/develop.eam-scientific.com\/tr\/produkt\/spe-kolonu-chromabond-sioh-45-%c2%b5m-150-ml-50000-mg\/","title":{"rendered":"SPE kolonu, CHROMABOND SiOH, 45 \u00b5m, 150 mL\/50000 mg"},"content":{"rendered":"<p>De\u011fi\u015ftirilmemi\u015f, zay\u0131f asidik silika jel, \u00e7ok polar. Havadaki nemi emer, bu nedenle iyice kapat\u0131lmal\u0131 ve gerekirse kullanmadan \u00f6nce kurutulmal\u0131d\u0131r. Polar bile\u015fiklere olan y\u00fcksek afinitesi nedeniyle polar (\u00f6rn. metanol) veya sulu \u00e7\u00f6z\u00fcc\u00fclerle \u015fartland\u0131r\u0131lmamal\u0131d\u0131r.<\/p>\n","protected":false},"excerpt":{"rendered":"<p>De\u011fi\u015ftirilmemi\u015f, zay\u0131f asidik silika jel, \u00e7ok polar. Havadaki nemi emer, bu nedenle iyice kapat\u0131lmal\u0131 ve gerekirse kullanmadan \u00f6nce kurutulmal\u0131d\u0131r. Polar bile\u015fiklere olan y\u00fcksek afinitesi nedeniyle polar (\u00f6rn. metanol) veya sulu \u00e7\u00f6z\u00fcc\u00fclerle \u015fartland\u0131r\u0131lmamal\u0131d\u0131r.<\/p>\n","protected":false},"featured_media":7766,"comment_status":"open","ping_status":"closed","template":"","meta":[],"product_cat":[68,67,69],"product_tag":[],"class_list":{"0":"post-11157","1":"product","2":"type-product","3":"status-publish","4":"has-post-thumbnail","6":"product_cat-kati-faz-ekstraksiyonu-spe","7":"product_cat-kromatografi","8":"product_cat-spe-kolonlari","10":"first","11":"instock","12":"shipping-taxable","13":"product-type-simple"},"_links":{"self":[{"href":"https:\/\/develop.eam-scientific.com\/tr\/wp-json\/wp\/v2\/product\/11157","targetHints":{"allow":["GET"]}}],"collection":[{"href":"https:\/\/develop.eam-scientific.com\/tr\/wp-json\/wp\/v2\/product"}],"about":[{"href":"https:\/\/develop.eam-scientific.com\/tr\/wp-json\/wp\/v2\/types\/product"}],"replies":[{"embeddable":true,"href":"https:\/\/develop.eam-scientific.com\/tr\/wp-json\/wp\/v2\/comments?post=11157"}],"wp:featuredmedia":[{"embeddable":true,"href":"https:\/\/develop.eam-scientific.com\/tr\/wp-json\/wp\/v2\/media\/7766"}],"wp:attachment":[{"href":"https:\/\/develop.eam-scientific.com\/tr\/wp-json\/wp\/v2\/media?parent=11157"}],"wp:term":[{"taxonomy":"product_cat","embeddable":true,"href":"https:\/\/develop.eam-scientific.com\/tr\/wp-json\/wp\/v2\/product_cat?post=11157"},{"taxonomy":"product_tag","embeddable":true,"href":"https:\/\/develop.eam-scientific.com\/tr\/wp-json\/wp\/v2\/product_tag?post=11157"}],"curies":[{"name":"wp","href":"https:\/\/api.w.org\/{rel}","templated":true}]}}