{"id":11161,"date":"2024-06-20T14:48:22","date_gmt":"2024-06-20T12:48:22","guid":{"rendered":"http:\/\/develop.eam-scientific.com\/produkt\/spe-kolonu-chromabond-c6h5-45-%c2%b5m-3-ml-500-mg\/"},"modified":"2024-06-28T10:08:44","modified_gmt":"2024-06-28T08:08:44","slug":"spe-kolonu-chromabond-c6h5-45-%c2%b5m-3-ml-500-mg","status":"publish","type":"product","link":"https:\/\/develop.eam-scientific.com\/tr\/produkt\/spe-kolonu-chromabond-c6h5-45-%c2%b5m-3-ml-500-mg\/","title":{"rendered":"SPE kolonu, CHROMABOND C6H5, 45 \u00b5m, 3 mL\/500 mg"},"content":{"rendered":"<p>Fenil faz\u0131, C8 faz\u0131na benzer polarite. Hidrofobik etkile\u015fimlere ek olarak, fenil halkas\u0131n\u0131n elektron yo\u011funlu\u011fu nedeniyle \u03c0-\u03c0 etkile\u015fimleri yoluyla daha se\u00e7ici adsorpsiyon m\u00fcmk\u00fcnd\u00fcr.<\/p>\n","protected":false},"excerpt":{"rendered":"<p>Fenil faz\u0131, C8 faz\u0131na benzer polarite. Hidrofobik etkile\u015fimlere ek olarak, fenil halkas\u0131n\u0131n elektron yo\u011funlu\u011fu nedeniyle \u03c0-\u03c0 etkile\u015fimleri yoluyla daha se\u00e7ici adsorpsiyon m\u00fcmk\u00fcnd\u00fcr.<\/p>\n","protected":false},"featured_media":7764,"comment_status":"open","ping_status":"closed","template":"","meta":[],"product_cat":[68,67,69],"product_tag":[],"class_list":{"0":"post-11161","1":"product","2":"type-product","3":"status-publish","4":"has-post-thumbnail","6":"product_cat-kati-faz-ekstraksiyonu-spe","7":"product_cat-kromatografi","8":"product_cat-spe-kolonlari","10":"first","11":"instock","12":"shipping-taxable","13":"product-type-simple"},"_links":{"self":[{"href":"https:\/\/develop.eam-scientific.com\/tr\/wp-json\/wp\/v2\/product\/11161","targetHints":{"allow":["GET"]}}],"collection":[{"href":"https:\/\/develop.eam-scientific.com\/tr\/wp-json\/wp\/v2\/product"}],"about":[{"href":"https:\/\/develop.eam-scientific.com\/tr\/wp-json\/wp\/v2\/types\/product"}],"replies":[{"embeddable":true,"href":"https:\/\/develop.eam-scientific.com\/tr\/wp-json\/wp\/v2\/comments?post=11161"}],"wp:featuredmedia":[{"embeddable":true,"href":"https:\/\/develop.eam-scientific.com\/tr\/wp-json\/wp\/v2\/media\/7764"}],"wp:attachment":[{"href":"https:\/\/develop.eam-scientific.com\/tr\/wp-json\/wp\/v2\/media?parent=11161"}],"wp:term":[{"taxonomy":"product_cat","embeddable":true,"href":"https:\/\/develop.eam-scientific.com\/tr\/wp-json\/wp\/v2\/product_cat?post=11161"},{"taxonomy":"product_tag","embeddable":true,"href":"https:\/\/develop.eam-scientific.com\/tr\/wp-json\/wp\/v2\/product_tag?post=11161"}],"curies":[{"name":"wp","href":"https:\/\/api.w.org\/{rel}","templated":true}]}}