{"id":11168,"date":"2024-06-20T14:48:22","date_gmt":"2024-06-20T12:48:22","guid":{"rendered":"http:\/\/develop.eam-scientific.com\/produkt\/spe-kolonu-chromabond-c18-hydra-45-%c2%b5m-6-ml-500-mg\/"},"modified":"2024-06-28T10:08:47","modified_gmt":"2024-06-28T08:08:47","slug":"spe-kolonu-chromabond-c18-hydra-45-%c2%b5m-6-ml-500-mg","status":"publish","type":"product","link":"https:\/\/develop.eam-scientific.com\/tr\/produkt\/spe-kolonu-chromabond-c18-hydra-45-%c2%b5m-6-ml-500-mg\/","title":{"rendered":"SPE kolonu, CHROMABOND C18 Hydra, 45 \u00b5m, 6 mL\/500 mg"},"content":{"rendered":"<p>Polar analitlerin SPE&#8217;si i\u00e7in \u00f6zel oktadesil modifiye silika jel faz\u0131 (u\u00e7 kapakl\u0131 de\u011fil).<\/p>\n","protected":false},"excerpt":{"rendered":"<p>Polar analitlerin SPE&#8217;si i\u00e7in \u00f6zel oktadesil modifiye silika jel faz\u0131 (u\u00e7 kapakl\u0131 de\u011fil).<\/p>\n","protected":false},"featured_media":7756,"comment_status":"open","ping_status":"closed","template":"","meta":[],"product_cat":[68,67,69],"product_tag":[],"class_list":{"0":"post-11168","1":"product","2":"type-product","3":"status-publish","4":"has-post-thumbnail","6":"product_cat-kati-faz-ekstraksiyonu-spe","7":"product_cat-kromatografi","8":"product_cat-spe-kolonlari","10":"first","11":"instock","12":"shipping-taxable","13":"product-type-simple"},"_links":{"self":[{"href":"https:\/\/develop.eam-scientific.com\/tr\/wp-json\/wp\/v2\/product\/11168","targetHints":{"allow":["GET"]}}],"collection":[{"href":"https:\/\/develop.eam-scientific.com\/tr\/wp-json\/wp\/v2\/product"}],"about":[{"href":"https:\/\/develop.eam-scientific.com\/tr\/wp-json\/wp\/v2\/types\/product"}],"replies":[{"embeddable":true,"href":"https:\/\/develop.eam-scientific.com\/tr\/wp-json\/wp\/v2\/comments?post=11168"}],"wp:featuredmedia":[{"embeddable":true,"href":"https:\/\/develop.eam-scientific.com\/tr\/wp-json\/wp\/v2\/media\/7756"}],"wp:attachment":[{"href":"https:\/\/develop.eam-scientific.com\/tr\/wp-json\/wp\/v2\/media?parent=11168"}],"wp:term":[{"taxonomy":"product_cat","embeddable":true,"href":"https:\/\/develop.eam-scientific.com\/tr\/wp-json\/wp\/v2\/product_cat?post=11168"},{"taxonomy":"product_tag","embeddable":true,"href":"https:\/\/develop.eam-scientific.com\/tr\/wp-json\/wp\/v2\/product_tag?post=11168"}],"curies":[{"name":"wp","href":"https:\/\/api.w.org\/{rel}","templated":true}]}}