{"id":11199,"date":"2024-06-20T14:48:01","date_gmt":"2024-06-20T12:48:01","guid":{"rendered":"http:\/\/develop.eam-scientific.com\/produkt\/spe-kolonu-chromabond-hr-x-85-%c2%b5m-1-ml-100-mg\/"},"modified":"2024-06-28T10:09:48","modified_gmt":"2024-06-28T08:09:48","slug":"spe-kolonu-chromabond-hr-x-85-%c2%b5m-1-ml-100-mg","status":"publish","type":"product","link":"https:\/\/develop.eam-scientific.com\/tr\/produkt\/spe-kolonu-chromabond-hr-x-85-%c2%b5m-1-ml-100-mg\/","title":{"rendered":"SPE MPS kolonu, CHROMABOND HR-X, 1 mL\/100 mg"},"content":{"rendered":"<p>SPE kolonlar\u0131, Gerstel \u00c7ok Ama\u00e7l\u0131 \u00d6rnekleyicide (MPS) kullan\u0131m i\u00e7in \u00f6zel kapaklar ve kan\u00fcllerle donat\u0131lm\u0131\u015ft\u0131r. 1, 3 ve 6 mL olarak mevcuttur. Di\u011fer CHROMABOND MPS \u00fcr\u00fcnleri talep \u00fczerine.<\/p>\n","protected":false},"excerpt":{"rendered":"<p>SPE kolonlar\u0131, Gerstel \u00c7ok Ama\u00e7l\u0131 \u00d6rnekleyicide (MPS) kullan\u0131m i\u00e7in \u00f6zel kapaklar ve kan\u00fcllerle donat\u0131lm\u0131\u015ft\u0131r. 1, 3 ve 6 mL olarak mevcuttur. Di\u011fer CHROMABOND MPS \u00fcr\u00fcnleri talep \u00fczerine.<\/p>\n","protected":false},"featured_media":15446,"comment_status":"open","ping_status":"closed","template":"","meta":[],"product_cat":[68,67,141],"product_tag":[],"class_list":{"0":"post-11199","1":"product","2":"type-product","3":"status-publish","4":"has-post-thumbnail","6":"product_cat-kati-faz-ekstraksiyonu-spe","7":"product_cat-kromatografi","8":"product_cat-otomatik-spe","10":"first","11":"instock","12":"shipping-taxable","13":"product-type-simple"},"_links":{"self":[{"href":"https:\/\/develop.eam-scientific.com\/tr\/wp-json\/wp\/v2\/product\/11199","targetHints":{"allow":["GET"]}}],"collection":[{"href":"https:\/\/develop.eam-scientific.com\/tr\/wp-json\/wp\/v2\/product"}],"about":[{"href":"https:\/\/develop.eam-scientific.com\/tr\/wp-json\/wp\/v2\/types\/product"}],"replies":[{"embeddable":true,"href":"https:\/\/develop.eam-scientific.com\/tr\/wp-json\/wp\/v2\/comments?post=11199"}],"wp:featuredmedia":[{"embeddable":true,"href":"https:\/\/develop.eam-scientific.com\/tr\/wp-json\/wp\/v2\/media\/15446"}],"wp:attachment":[{"href":"https:\/\/develop.eam-scientific.com\/tr\/wp-json\/wp\/v2\/media?parent=11199"}],"wp:term":[{"taxonomy":"product_cat","embeddable":true,"href":"https:\/\/develop.eam-scientific.com\/tr\/wp-json\/wp\/v2\/product_cat?post=11199"},{"taxonomy":"product_tag","embeddable":true,"href":"https:\/\/develop.eam-scientific.com\/tr\/wp-json\/wp\/v2\/product_tag?post=11199"}],"curies":[{"name":"wp","href":"https:\/\/api.w.org\/{rel}","templated":true}]}}