{"id":11360,"date":"2024-06-20T14:49:04","date_gmt":"2024-06-20T12:49:04","guid":{"rendered":"http:\/\/develop.eam-scientific.com\/produkt\/spe-kolonu-chromabond-hr-xaw-85-%c2%b5m-3-ml-500-mg\/"},"modified":"2024-06-28T10:08:28","modified_gmt":"2024-06-28T08:08:28","slug":"spe-kolonu-chromabond-hr-xaw-85-%c2%b5m-3-ml-500-mg","status":"publish","type":"product","link":"https:\/\/develop.eam-scientific.com\/tr\/produkt\/spe-kolonu-chromabond-hr-xaw-85-%c2%b5m-3-ml-500-mg\/","title":{"rendered":"SPE kolonu, CHROMABOND HR-XAW, 85 \u00b5m, 3 mL\/500 mg"},"content":{"rendered":"<p>Kat\u0131 faz ekstraksiyonunda en y\u00fcksek talepler i\u00e7in modern k\u00fcresel polimer. Zay\u0131f anyon de\u011fi\u015fimi ve RP \u00f6zelliklerine (WAX) sahip kar\u0131\u015f\u0131k modlu SPE i\u00e7in ikincil ve \u00fc\u00e7\u00fcnc\u00fcl amonyum modifikasyonlu PS\/DVB kopolimeri. &gt; De\u011fi\u015fim kapasitesi 0,5 meq\/g, pKs 6 + 9 ve RP kapasitesi 350 mg\/g (suda kafein). \u0130deal ak\u0131\u015f \u00f6zelliklerine sahip y\u00fcksek safl\u0131kta malzeme ve optimize edilmi\u015f \u00fcretim s\u00fcreci sayesinde son derece d\u00fc\u015f\u00fck bo\u015f de\u011ferler ile maksimum tekrarlanabilirlik sa\u011flar. &lt; \u00d6zellikle asidik (pKa 1 olan g\u00fc\u00e7l\u00fc asitler) analitlerin zenginle\u015ftirilmesinde m\u00fckemmel geri kazan\u0131m oranlar\u0131.<\/p>\n","protected":false},"excerpt":{"rendered":"<p>Kat\u0131 faz ekstraksiyonunda en y\u00fcksek talepler i\u00e7in modern k\u00fcresel polimer. Zay\u0131f anyon de\u011fi\u015fimi ve RP \u00f6zelliklerine (WAX) sahip kar\u0131\u015f\u0131k modlu SPE i\u00e7in ikincil ve \u00fc\u00e7\u00fcnc\u00fcl amonyum modifikasyonlu PS\/DVB kopolimeri. &gt; De\u011fi\u015fim kapasitesi 0,5 meq\/g, pKs 6 + 9 ve RP kapasitesi 350 mg\/g (suda kafein). \u0130deal ak\u0131\u015f \u00f6zelliklerine sahip y\u00fcksek safl\u0131kta malzeme ve optimize edilmi\u015f [&hellip;]<\/p>\n","protected":false},"featured_media":7818,"comment_status":"open","ping_status":"closed","template":"","meta":[],"product_cat":[68,67,69],"product_tag":[],"class_list":{"0":"post-11360","1":"product","2":"type-product","3":"status-publish","4":"has-post-thumbnail","6":"product_cat-kati-faz-ekstraksiyonu-spe","7":"product_cat-kromatografi","8":"product_cat-spe-kolonlari","10":"first","11":"instock","12":"shipping-taxable","13":"product-type-simple"},"_links":{"self":[{"href":"https:\/\/develop.eam-scientific.com\/tr\/wp-json\/wp\/v2\/product\/11360","targetHints":{"allow":["GET"]}}],"collection":[{"href":"https:\/\/develop.eam-scientific.com\/tr\/wp-json\/wp\/v2\/product"}],"about":[{"href":"https:\/\/develop.eam-scientific.com\/tr\/wp-json\/wp\/v2\/types\/product"}],"replies":[{"embeddable":true,"href":"https:\/\/develop.eam-scientific.com\/tr\/wp-json\/wp\/v2\/comments?post=11360"}],"wp:featuredmedia":[{"embeddable":true,"href":"https:\/\/develop.eam-scientific.com\/tr\/wp-json\/wp\/v2\/media\/7818"}],"wp:attachment":[{"href":"https:\/\/develop.eam-scientific.com\/tr\/wp-json\/wp\/v2\/media?parent=11360"}],"wp:term":[{"taxonomy":"product_cat","embeddable":true,"href":"https:\/\/develop.eam-scientific.com\/tr\/wp-json\/wp\/v2\/product_cat?post=11360"},{"taxonomy":"product_tag","embeddable":true,"href":"https:\/\/develop.eam-scientific.com\/tr\/wp-json\/wp\/v2\/product_tag?post=11360"}],"curies":[{"name":"wp","href":"https:\/\/api.w.org\/{rel}","templated":true}]}}