{"id":11388,"date":"2024-06-20T14:48:44","date_gmt":"2024-06-20T12:48:44","guid":{"rendered":"http:\/\/develop.eam-scientific.com\/produkt\/spe-kolonu-chromabond-hr-xc-85-%c2%b5m-1-ml-100-mg\/"},"modified":"2024-06-28T10:08:31","modified_gmt":"2024-06-28T08:08:31","slug":"spe-kolonu-chromabond-hr-xc-85-%c2%b5m-1-ml-100-mg","status":"publish","type":"product","link":"https:\/\/develop.eam-scientific.com\/tr\/produkt\/spe-kolonu-chromabond-hr-xc-85-%c2%b5m-1-ml-100-mg\/","title":{"rendered":"SPE kolonu, CHROMABOND HR-XC, 45 \u00b5m, 1 mL\/100 mg"},"content":{"rendered":"<p>Kat\u0131 faz ekstraksiyonunda en y\u00fcksek talepler i\u00e7in modern k\u00fcresel polimer. G\u00fc\u00e7l\u00fc katyon de\u011fi\u015fimi ve RP \u00f6zelliklerine (MCX) sahip kar\u0131\u015f\u0131k modlu SPE i\u00e7in benzens\u00fclfonik asit modifikasyonlu PS\/DVB kopolimeri. De\u011fi\u015fim kapasitesi 1.0 meq\/g, pKa &lt; 1 ve RP kapasitesi 300 mg\/g (suda kafein). \u0130deal ak\u0131\u015f \u00f6zelliklerine sahip y\u00fcksek safl\u0131kta malzeme ve optimize edilmi\u015f \u00fcretim s\u00fcreci sayesinde son derece d\u00fc\u015f\u00fck bo\u015f de\u011ferler ile maksimum tekrarlanabilirlik sa\u011flar. \u00d6zellikle bazik (pKa 2-10 olan bazlar) analitlerin zenginle\u015ftirilmesi i\u00e7in m\u00fckemmel geri kazan\u0131m oranlar\u0131.<\/p>\n","protected":false},"excerpt":{"rendered":"<p>Kat\u0131 faz ekstraksiyonunda en y\u00fcksek talepler i\u00e7in modern k\u00fcresel polimer. G\u00fc\u00e7l\u00fc katyon de\u011fi\u015fimi ve RP \u00f6zelliklerine (MCX) sahip kar\u0131\u015f\u0131k modlu SPE i\u00e7in benzens\u00fclfonik asit modifikasyonlu PS\/DVB kopolimeri. De\u011fi\u015fim kapasitesi 1.0 meq\/g, pKa &lt; 1 ve RP kapasitesi 300 mg\/g (suda kafein). \u0130deal ak\u0131\u015f \u00f6zelliklerine sahip y\u00fcksek safl\u0131kta malzeme ve optimize edilmi\u015f \u00fcretim s\u00fcreci sayesinde son [&hellip;]<\/p>\n","protected":false},"featured_media":15180,"comment_status":"open","ping_status":"closed","template":"","meta":[],"product_cat":[68,67,69],"product_tag":[],"class_list":{"0":"post-11388","1":"product","2":"type-product","3":"status-publish","4":"has-post-thumbnail","6":"product_cat-kati-faz-ekstraksiyonu-spe","7":"product_cat-kromatografi","8":"product_cat-spe-kolonlari","10":"first","11":"instock","12":"shipping-taxable","13":"product-type-simple"},"_links":{"self":[{"href":"https:\/\/develop.eam-scientific.com\/tr\/wp-json\/wp\/v2\/product\/11388","targetHints":{"allow":["GET"]}}],"collection":[{"href":"https:\/\/develop.eam-scientific.com\/tr\/wp-json\/wp\/v2\/product"}],"about":[{"href":"https:\/\/develop.eam-scientific.com\/tr\/wp-json\/wp\/v2\/types\/product"}],"replies":[{"embeddable":true,"href":"https:\/\/develop.eam-scientific.com\/tr\/wp-json\/wp\/v2\/comments?post=11388"}],"wp:featuredmedia":[{"embeddable":true,"href":"https:\/\/develop.eam-scientific.com\/tr\/wp-json\/wp\/v2\/media\/15180"}],"wp:attachment":[{"href":"https:\/\/develop.eam-scientific.com\/tr\/wp-json\/wp\/v2\/media?parent=11388"}],"wp:term":[{"taxonomy":"product_cat","embeddable":true,"href":"https:\/\/develop.eam-scientific.com\/tr\/wp-json\/wp\/v2\/product_cat?post=11388"},{"taxonomy":"product_tag","embeddable":true,"href":"https:\/\/develop.eam-scientific.com\/tr\/wp-json\/wp\/v2\/product_tag?post=11388"}],"curies":[{"name":"wp","href":"https:\/\/api.w.org\/{rel}","templated":true}]}}