{"id":11410,"date":"2024-06-20T14:51:08","date_gmt":"2024-06-20T12:51:08","guid":{"rendered":"http:\/\/develop.eam-scientific.com\/produkt\/spe-kolonu-chromabond-hr-p-50-100-%c2%b5m-6-ml-200-mg\/"},"modified":"2024-06-28T10:07:26","modified_gmt":"2024-06-28T08:07:26","slug":"spe-kolonu-chromabond-hr-p-50-100-%c2%b5m-6-ml-200-mg","status":"publish","type":"product","link":"https:\/\/develop.eam-scientific.com\/tr\/produkt\/spe-kolonu-chromabond-hr-p-50-100-%c2%b5m-6-ml-200-mg\/","title":{"rendered":"SPE kolonu, CHROMABOND HR-P AOX, 50-100 \u00b5m, 6 mL\/200 mg"},"content":{"rendered":"<p>DIN 38409 &#8211; H22 uyar\u0131nca y\u00fcksek tuz i\u00e7eri\u011fine veya organik kirletici i\u00e7eri\u011fine sahip su numunelerinden AOX ekstraksiyonu i\u00e7in \u00f6zel SPE faz\u0131.<\/p>\n","protected":false},"excerpt":{"rendered":"<p>DIN 38409 &#8211; H22 uyar\u0131nca y\u00fcksek tuz i\u00e7eri\u011fine veya organik kirletici i\u00e7eri\u011fine sahip su numunelerinden AOX ekstraksiyonu i\u00e7in \u00f6zel SPE faz\u0131.<\/p>\n","protected":false},"featured_media":15240,"comment_status":"open","ping_status":"closed","template":"","meta":[],"product_cat":[68,67,69],"product_tag":[],"class_list":{"0":"post-11410","1":"product","2":"type-product","3":"status-publish","4":"has-post-thumbnail","6":"product_cat-kati-faz-ekstraksiyonu-spe","7":"product_cat-kromatografi","8":"product_cat-spe-kolonlari","10":"first","11":"instock","12":"shipping-taxable","13":"product-type-simple"},"_links":{"self":[{"href":"https:\/\/develop.eam-scientific.com\/tr\/wp-json\/wp\/v2\/product\/11410","targetHints":{"allow":["GET"]}}],"collection":[{"href":"https:\/\/develop.eam-scientific.com\/tr\/wp-json\/wp\/v2\/product"}],"about":[{"href":"https:\/\/develop.eam-scientific.com\/tr\/wp-json\/wp\/v2\/types\/product"}],"replies":[{"embeddable":true,"href":"https:\/\/develop.eam-scientific.com\/tr\/wp-json\/wp\/v2\/comments?post=11410"}],"wp:featuredmedia":[{"embeddable":true,"href":"https:\/\/develop.eam-scientific.com\/tr\/wp-json\/wp\/v2\/media\/15240"}],"wp:attachment":[{"href":"https:\/\/develop.eam-scientific.com\/tr\/wp-json\/wp\/v2\/media?parent=11410"}],"wp:term":[{"taxonomy":"product_cat","embeddable":true,"href":"https:\/\/develop.eam-scientific.com\/tr\/wp-json\/wp\/v2\/product_cat?post=11410"},{"taxonomy":"product_tag","embeddable":true,"href":"https:\/\/develop.eam-scientific.com\/tr\/wp-json\/wp\/v2\/product_tag?post=11410"}],"curies":[{"name":"wp","href":"https:\/\/api.w.org\/{rel}","templated":true}]}}