{"id":11472,"date":"2024-06-20T14:50:29","date_gmt":"2024-06-20T12:50:29","guid":{"rendered":"http:\/\/develop.eam-scientific.com\/produkt\/spe-kolonu-chromabond-drug-ii-45-%c2%b5m-3-ml-200-mg\/"},"modified":"2024-06-28T10:07:51","modified_gmt":"2024-06-28T08:07:51","slug":"spe-kolonu-chromabond-drug-ii-45-%c2%b5m-3-ml-200-mg","status":"publish","type":"product","link":"https:\/\/develop.eam-scientific.com\/tr\/produkt\/spe-kolonu-chromabond-drug-ii-45-%c2%b5m-3-ml-200-mg\/","title":{"rendered":"SPE kolonu, CHROMABOND Drug II, 45 \u00b5m, 3 mL\/200 mg"},"content":{"rendered":"<p>THC ve t\u00fcrevlerinin yan\u0131 s\u0131ra biyolojik s\u0131v\u0131lardan (idrar, kan&#8230;.) asidik analitlerin SPE&#8217;si i\u00e7in \u00f6zel silika jel faz\u0131. \u0130ki fonksiyonlu modifikasyon &#8211; C8\/SB (RP8, oktilsilil\/g\u00fc\u00e7l\u00fc anyon de\u011fi\u015ftirici &#8211; kuaterner amin).<\/p>\n","protected":false},"excerpt":{"rendered":"<p>THC ve t\u00fcrevlerinin yan\u0131 s\u0131ra biyolojik s\u0131v\u0131lardan (idrar, kan&#8230;.) asidik analitlerin SPE&#8217;si i\u00e7in \u00f6zel silika jel faz\u0131. \u0130ki fonksiyonlu modifikasyon &#8211; C8\/SB (RP8, oktilsilil\/g\u00fc\u00e7l\u00fc anyon de\u011fi\u015ftirici &#8211; kuaterner amin).<\/p>\n","protected":false},"featured_media":7946,"comment_status":"open","ping_status":"closed","template":"","meta":[],"product_cat":[68,67,69],"product_tag":[],"class_list":{"0":"post-11472","1":"product","2":"type-product","3":"status-publish","4":"has-post-thumbnail","6":"product_cat-kati-faz-ekstraksiyonu-spe","7":"product_cat-kromatografi","8":"product_cat-spe-kolonlari","10":"first","11":"instock","12":"shipping-taxable","13":"product-type-simple"},"_links":{"self":[{"href":"https:\/\/develop.eam-scientific.com\/tr\/wp-json\/wp\/v2\/product\/11472","targetHints":{"allow":["GET"]}}],"collection":[{"href":"https:\/\/develop.eam-scientific.com\/tr\/wp-json\/wp\/v2\/product"}],"about":[{"href":"https:\/\/develop.eam-scientific.com\/tr\/wp-json\/wp\/v2\/types\/product"}],"replies":[{"embeddable":true,"href":"https:\/\/develop.eam-scientific.com\/tr\/wp-json\/wp\/v2\/comments?post=11472"}],"wp:featuredmedia":[{"embeddable":true,"href":"https:\/\/develop.eam-scientific.com\/tr\/wp-json\/wp\/v2\/media\/7946"}],"wp:attachment":[{"href":"https:\/\/develop.eam-scientific.com\/tr\/wp-json\/wp\/v2\/media?parent=11472"}],"wp:term":[{"taxonomy":"product_cat","embeddable":true,"href":"https:\/\/develop.eam-scientific.com\/tr\/wp-json\/wp\/v2\/product_cat?post=11472"},{"taxonomy":"product_tag","embeddable":true,"href":"https:\/\/develop.eam-scientific.com\/tr\/wp-json\/wp\/v2\/product_tag?post=11472"}],"curies":[{"name":"wp","href":"https:\/\/api.w.org\/{rel}","templated":true}]}}