{"id":11474,"date":"2024-06-20T14:50:47","date_gmt":"2024-06-20T12:50:47","guid":{"rendered":"http:\/\/develop.eam-scientific.com\/produkt\/kati-faz-ekstraksiyonu-spe-icin-chromabond-combi-kit-pcb\/"},"modified":"2024-06-20T14:50:47","modified_gmt":"2024-06-20T12:50:47","slug":"kati-faz-ekstraksiyonu-spe-icin-chromabond-combi-kit-pcb","status":"publish","type":"product","link":"https:\/\/develop.eam-scientific.com\/tr\/produkt\/kati-faz-ekstraksiyonu-spe-icin-chromabond-combi-kit-pcb\/","title":{"rendered":"Kat\u0131 faz ekstraksiyonu (SPE) i\u00e7in CHROMABOND Combi-Kit PCB"},"content":{"rendered":"<p>Bu CHROMABOND Combi-Kit PCB, petrolden poliklorlu bifenillerin SPE ile zenginle\u015ftirilmesi i\u00e7in kullan\u0131l\u0131r.<\/p>\n","protected":false},"excerpt":{"rendered":"<p>Bu CHROMABOND Combi-Kit PCB, petrolden poliklorlu bifenillerin SPE ile zenginle\u015ftirilmesi i\u00e7in kullan\u0131l\u0131r.<\/p>\n","protected":false},"featured_media":7950,"comment_status":"open","ping_status":"closed","template":"","meta":[],"product_cat":[68,67,69],"product_tag":[],"class_list":{"0":"post-11474","1":"product","2":"type-product","3":"status-publish","4":"has-post-thumbnail","6":"product_cat-kati-faz-ekstraksiyonu-spe","7":"product_cat-kromatografi","8":"product_cat-spe-kolonlari","10":"first","11":"instock","12":"shipping-taxable","13":"product-type-simple"},"_links":{"self":[{"href":"https:\/\/develop.eam-scientific.com\/tr\/wp-json\/wp\/v2\/product\/11474","targetHints":{"allow":["GET"]}}],"collection":[{"href":"https:\/\/develop.eam-scientific.com\/tr\/wp-json\/wp\/v2\/product"}],"about":[{"href":"https:\/\/develop.eam-scientific.com\/tr\/wp-json\/wp\/v2\/types\/product"}],"replies":[{"embeddable":true,"href":"https:\/\/develop.eam-scientific.com\/tr\/wp-json\/wp\/v2\/comments?post=11474"}],"wp:featuredmedia":[{"embeddable":true,"href":"https:\/\/develop.eam-scientific.com\/tr\/wp-json\/wp\/v2\/media\/7950"}],"wp:attachment":[{"href":"https:\/\/develop.eam-scientific.com\/tr\/wp-json\/wp\/v2\/media?parent=11474"}],"wp:term":[{"taxonomy":"product_cat","embeddable":true,"href":"https:\/\/develop.eam-scientific.com\/tr\/wp-json\/wp\/v2\/product_cat?post=11474"},{"taxonomy":"product_tag","embeddable":true,"href":"https:\/\/develop.eam-scientific.com\/tr\/wp-json\/wp\/v2\/product_tag?post=11474"}],"curies":[{"name":"wp","href":"https:\/\/api.w.org\/{rel}","templated":true}]}}