{"id":11491,"date":"2024-06-20T14:50:29","date_gmt":"2024-06-20T12:50:29","guid":{"rendered":"http:\/\/develop.eam-scientific.com\/produkt\/spe-kolonu-chromabond-psa-45-%c2%b5m-3-ml-500-mg\/"},"modified":"2024-06-28T10:07:54","modified_gmt":"2024-06-28T08:07:54","slug":"spe-kolonu-chromabond-psa-45-%c2%b5m-3-ml-500-mg","status":"publish","type":"product","link":"https:\/\/develop.eam-scientific.com\/tr\/produkt\/spe-kolonu-chromabond-psa-45-%c2%b5m-3-ml-500-mg\/","title":{"rendered":"SPE kolonu, CHROMABOND PSA, 45 \u00b5m, 3 mL\/500 mg"},"content":{"rendered":"<p>Propils\u00fclfonik asitle modifiye edilmi\u015f silika jel, \u00e7ok g\u00fc\u00e7l\u00fc katyon de\u011fi\u015ftirici (SCX). Kapasite ~ 0,7 meq\/g, SA faz\u0131n\u0131n aksine \u03c0-\u03c0 etkile\u015fimi yoktur. PSA (birincil ve ikincil amin &#8211; QuEChERS kar\u0131\u015f\u0131mlar\u0131 ile kullan\u0131l\u0131r) ar\u0131yorsan\u0131z, l\u00fctfen QuEChERS veya Diamino&#8217;yu se\u00e7in.<\/p>\n","protected":false},"excerpt":{"rendered":"<p>Propils\u00fclfonik asitle modifiye edilmi\u015f silika jel, \u00e7ok g\u00fc\u00e7l\u00fc katyon de\u011fi\u015ftirici (SCX). Kapasite ~ 0,7 meq\/g, SA faz\u0131n\u0131n aksine \u03c0-\u03c0 etkile\u015fimi yoktur. PSA (birincil ve ikincil amin &#8211; QuEChERS kar\u0131\u015f\u0131mlar\u0131 ile kullan\u0131l\u0131r) ar\u0131yorsan\u0131z, l\u00fctfen QuEChERS veya Diamino&#8217;yu se\u00e7in.<\/p>\n","protected":false},"featured_media":7932,"comment_status":"open","ping_status":"closed","template":"","meta":[],"product_cat":[68,67,69],"product_tag":[],"class_list":{"0":"post-11491","1":"product","2":"type-product","3":"status-publish","4":"has-post-thumbnail","6":"product_cat-kati-faz-ekstraksiyonu-spe","7":"product_cat-kromatografi","8":"product_cat-spe-kolonlari","10":"first","11":"instock","12":"shipping-taxable","13":"product-type-simple"},"_links":{"self":[{"href":"https:\/\/develop.eam-scientific.com\/tr\/wp-json\/wp\/v2\/product\/11491","targetHints":{"allow":["GET"]}}],"collection":[{"href":"https:\/\/develop.eam-scientific.com\/tr\/wp-json\/wp\/v2\/product"}],"about":[{"href":"https:\/\/develop.eam-scientific.com\/tr\/wp-json\/wp\/v2\/types\/product"}],"replies":[{"embeddable":true,"href":"https:\/\/develop.eam-scientific.com\/tr\/wp-json\/wp\/v2\/comments?post=11491"}],"wp:featuredmedia":[{"embeddable":true,"href":"https:\/\/develop.eam-scientific.com\/tr\/wp-json\/wp\/v2\/media\/7932"}],"wp:attachment":[{"href":"https:\/\/develop.eam-scientific.com\/tr\/wp-json\/wp\/v2\/media?parent=11491"}],"wp:term":[{"taxonomy":"product_cat","embeddable":true,"href":"https:\/\/develop.eam-scientific.com\/tr\/wp-json\/wp\/v2\/product_cat?post=11491"},{"taxonomy":"product_tag","embeddable":true,"href":"https:\/\/develop.eam-scientific.com\/tr\/wp-json\/wp\/v2\/product_tag?post=11491"}],"curies":[{"name":"wp","href":"https:\/\/api.w.org\/{rel}","templated":true}]}}