{"id":11498,"date":"2024-06-20T14:50:29","date_gmt":"2024-06-20T12:50:29","guid":{"rendered":"http:\/\/develop.eam-scientific.com\/produkt\/spe-kolonu-chromabond-pa-40-80-%c2%b5m-3-ml-500-mg\/"},"modified":"2024-06-28T10:07:59","modified_gmt":"2024-06-28T08:07:59","slug":"spe-kolonu-chromabond-pa-40-80-%c2%b5m-3-ml-500-mg","status":"publish","type":"product","link":"https:\/\/develop.eam-scientific.com\/tr\/produkt\/spe-kolonu-chromabond-pa-40-80-%c2%b5m-3-ml-500-mg\/","title":{"rendered":"SPE kolonu, CHROMABOND PA, 40-80 \u00b5m, 3 mL\/500 mg"},"content":{"rendered":"<p>Kat\u0131 faz ekstraksiyonu i\u00e7in SPE faz\u0131 olarak poliamid, \u00f6rne\u011fin flavonoidlerin numune haz\u0131rl\u0131\u011f\u0131 i\u00e7in iyi bir se\u00e7imdir.<\/p>\n","protected":false},"excerpt":{"rendered":"<p>Kat\u0131 faz ekstraksiyonu i\u00e7in SPE faz\u0131 olarak poliamid, \u00f6rne\u011fin flavonoidlerin numune haz\u0131rl\u0131\u011f\u0131 i\u00e7in iyi bir se\u00e7imdir.<\/p>\n","protected":false},"featured_media":7918,"comment_status":"open","ping_status":"closed","template":"","meta":[],"product_cat":[68,67,69],"product_tag":[],"class_list":{"0":"post-11498","1":"product","2":"type-product","3":"status-publish","4":"has-post-thumbnail","6":"product_cat-kati-faz-ekstraksiyonu-spe","7":"product_cat-kromatografi","8":"product_cat-spe-kolonlari","10":"first","11":"instock","12":"shipping-taxable","13":"product-type-simple"},"_links":{"self":[{"href":"https:\/\/develop.eam-scientific.com\/tr\/wp-json\/wp\/v2\/product\/11498","targetHints":{"allow":["GET"]}}],"collection":[{"href":"https:\/\/develop.eam-scientific.com\/tr\/wp-json\/wp\/v2\/product"}],"about":[{"href":"https:\/\/develop.eam-scientific.com\/tr\/wp-json\/wp\/v2\/types\/product"}],"replies":[{"embeddable":true,"href":"https:\/\/develop.eam-scientific.com\/tr\/wp-json\/wp\/v2\/comments?post=11498"}],"wp:featuredmedia":[{"embeddable":true,"href":"https:\/\/develop.eam-scientific.com\/tr\/wp-json\/wp\/v2\/media\/7918"}],"wp:attachment":[{"href":"https:\/\/develop.eam-scientific.com\/tr\/wp-json\/wp\/v2\/media?parent=11498"}],"wp:term":[{"taxonomy":"product_cat","embeddable":true,"href":"https:\/\/develop.eam-scientific.com\/tr\/wp-json\/wp\/v2\/product_cat?post=11498"},{"taxonomy":"product_tag","embeddable":true,"href":"https:\/\/develop.eam-scientific.com\/tr\/wp-json\/wp\/v2\/product_tag?post=11498"}],"curies":[{"name":"wp","href":"https:\/\/api.w.org\/{rel}","templated":true}]}}