{"id":11500,"date":"2024-06-20T14:50:29","date_gmt":"2024-06-20T12:50:29","guid":{"rendered":"http:\/\/develop.eam-scientific.com\/produkt\/spe-cam-kolon-chromabond-florisil-150-250-%c2%b5m-6-ml-1000-mg\/"},"modified":"2024-06-28T10:06:51","modified_gmt":"2024-06-28T08:06:51","slug":"spe-cam-kolon-chromabond-florisil-150-250-%c2%b5m-6-ml-1000-mg","status":"publish","type":"product","link":"https:\/\/develop.eam-scientific.com\/tr\/produkt\/spe-cam-kolon-chromabond-florisil-150-250-%c2%b5m-6-ml-1000-mg\/","title":{"rendered":"SPE kolonu, CHROMABOND Florisil, 150-250 \u00b5m, 6 mL\/1000 mg"},"content":{"rendered":"<p>Florisil, \u00f6rne\u011fin organik kalay bile\u015fikleri ve alifatik karboksilik asitlerin numune haz\u0131rl\u0131\u011f\u0131 (kat\u0131 faz ekstraksiyonu) i\u00e7in kullan\u0131l\u0131r. Florisil bir magnezyum silikatt\u0131r.<\/p>\n","protected":false},"excerpt":{"rendered":"<p>Florisil, \u00f6rne\u011fin organik kalay bile\u015fikleri ve alifatik karboksilik asitlerin numune haz\u0131rl\u0131\u011f\u0131 (kat\u0131 faz ekstraksiyonu) i\u00e7in kullan\u0131l\u0131r. Florisil bir magnezyum silikatt\u0131r.<\/p>\n","protected":false},"featured_media":15359,"comment_status":"open","ping_status":"closed","template":"","meta":[],"product_cat":[68,67,69],"product_tag":[],"class_list":{"0":"post-11500","1":"product","2":"type-product","3":"status-publish","4":"has-post-thumbnail","6":"product_cat-kati-faz-ekstraksiyonu-spe","7":"product_cat-kromatografi","8":"product_cat-spe-kolonlari","10":"first","11":"instock","12":"shipping-taxable","13":"product-type-simple"},"_links":{"self":[{"href":"https:\/\/develop.eam-scientific.com\/tr\/wp-json\/wp\/v2\/product\/11500","targetHints":{"allow":["GET"]}}],"collection":[{"href":"https:\/\/develop.eam-scientific.com\/tr\/wp-json\/wp\/v2\/product"}],"about":[{"href":"https:\/\/develop.eam-scientific.com\/tr\/wp-json\/wp\/v2\/types\/product"}],"replies":[{"embeddable":true,"href":"https:\/\/develop.eam-scientific.com\/tr\/wp-json\/wp\/v2\/comments?post=11500"}],"wp:featuredmedia":[{"embeddable":true,"href":"https:\/\/develop.eam-scientific.com\/tr\/wp-json\/wp\/v2\/media\/15359"}],"wp:attachment":[{"href":"https:\/\/develop.eam-scientific.com\/tr\/wp-json\/wp\/v2\/media?parent=11500"}],"wp:term":[{"taxonomy":"product_cat","embeddable":true,"href":"https:\/\/develop.eam-scientific.com\/tr\/wp-json\/wp\/v2\/product_cat?post=11500"},{"taxonomy":"product_tag","embeddable":true,"href":"https:\/\/develop.eam-scientific.com\/tr\/wp-json\/wp\/v2\/product_tag?post=11500"}],"curies":[{"name":"wp","href":"https:\/\/api.w.org\/{rel}","templated":true}]}}