{"id":11561,"date":"2024-06-20T14:49:46","date_gmt":"2024-06-20T12:49:46","guid":{"rendered":"http:\/\/develop.eam-scientific.com\/produkt\/spe-kolonu-chromabond-c4-45-%c2%b5m-3-ml-500-mg\/"},"modified":"2024-06-28T10:08:11","modified_gmt":"2024-06-28T08:08:11","slug":"spe-kolonu-chromabond-c4-45-%c2%b5m-3-ml-500-mg","status":"publish","type":"product","link":"https:\/\/develop.eam-scientific.com\/tr\/produkt\/spe-kolonu-chromabond-c4-45-%c2%b5m-3-ml-500-mg\/","title":{"rendered":"SPE kolonu, CHROMABOND C4, 45 \u00b5m, 3 mL\/500 mg"},"content":{"rendered":"<p>Silika jel bazl\u0131 b\u00fctil faz\u0131, C8 faz\u0131na benzer \u015fekilde u\u00e7 kapakl\u0131 de\u011fildir. Polar bile\u015fiklerle olan ikincil etkile\u015fimler, daha k\u0131sa alkil zincirleri nedeniyle daha belirgindir. C18 veya C8&#8217;de \u00e7ok g\u00fc\u00e7l\u00fc bir \u015fekilde retadasyona u\u011frayan bile\u015fikler i\u00e7in.<\/p>\n","protected":false},"excerpt":{"rendered":"<p>Silika jel bazl\u0131 b\u00fctil faz\u0131, C8 faz\u0131na benzer \u015fekilde u\u00e7 kapakl\u0131 de\u011fildir. Polar bile\u015fiklerle olan ikincil etkile\u015fimler, daha k\u0131sa alkil zincirleri nedeniyle daha belirgindir. C18 veya C8&#8217;de \u00e7ok g\u00fc\u00e7l\u00fc bir \u015fekilde retadasyona u\u011frayan bile\u015fikler i\u00e7in.<\/p>\n","protected":false},"featured_media":7862,"comment_status":"open","ping_status":"closed","template":"","meta":[],"product_cat":[68,67,69],"product_tag":[],"class_list":{"0":"post-11561","1":"product","2":"type-product","3":"status-publish","4":"has-post-thumbnail","6":"product_cat-kati-faz-ekstraksiyonu-spe","7":"product_cat-kromatografi","8":"product_cat-spe-kolonlari","10":"first","11":"instock","12":"shipping-taxable","13":"product-type-simple"},"_links":{"self":[{"href":"https:\/\/develop.eam-scientific.com\/tr\/wp-json\/wp\/v2\/product\/11561","targetHints":{"allow":["GET"]}}],"collection":[{"href":"https:\/\/develop.eam-scientific.com\/tr\/wp-json\/wp\/v2\/product"}],"about":[{"href":"https:\/\/develop.eam-scientific.com\/tr\/wp-json\/wp\/v2\/types\/product"}],"replies":[{"embeddable":true,"href":"https:\/\/develop.eam-scientific.com\/tr\/wp-json\/wp\/v2\/comments?post=11561"}],"wp:featuredmedia":[{"embeddable":true,"href":"https:\/\/develop.eam-scientific.com\/tr\/wp-json\/wp\/v2\/media\/7862"}],"wp:attachment":[{"href":"https:\/\/develop.eam-scientific.com\/tr\/wp-json\/wp\/v2\/media?parent=11561"}],"wp:term":[{"taxonomy":"product_cat","embeddable":true,"href":"https:\/\/develop.eam-scientific.com\/tr\/wp-json\/wp\/v2\/product_cat?post=11561"},{"taxonomy":"product_tag","embeddable":true,"href":"https:\/\/develop.eam-scientific.com\/tr\/wp-json\/wp\/v2\/product_tag?post=11561"}],"curies":[{"name":"wp","href":"https:\/\/api.w.org\/{rel}","templated":true}]}}