{"id":11565,"date":"2024-06-20T14:49:46","date_gmt":"2024-06-20T12:49:46","guid":{"rendered":"http:\/\/develop.eam-scientific.com\/produkt\/spe-kolonu-chromabond-c8-45-%c2%b5m-6-ml-1000-mg\/"},"modified":"2024-06-28T10:08:12","modified_gmt":"2024-06-28T08:08:12","slug":"spe-kolonu-chromabond-c8-45-%c2%b5m-6-ml-1000-mg","status":"publish","type":"product","link":"https:\/\/develop.eam-scientific.com\/tr\/produkt\/spe-kolonu-chromabond-c8-45-%c2%b5m-6-ml-1000-mg\/","title":{"rendered":"SPE kolonu, CHROMABOND C8, 45 \u00b5m, 6 mL\/1000 mg"},"content":{"rendered":"<p>Silika jel bazl\u0131 oktil faz\u0131, C18 faz\u0131na benzer \u015fekilde u\u00e7 kapakl\u0131 de\u011fildir. Polar bile\u015fiklerle olan ikincil etkile\u015fimler, daha k\u0131sa alkil zincirleri nedeniyle daha belirgindir.<\/p>\n","protected":false},"excerpt":{"rendered":"<p>Silika jel bazl\u0131 oktil faz\u0131, C18 faz\u0131na benzer \u015fekilde u\u00e7 kapakl\u0131 de\u011fildir. Polar bile\u015fiklerle olan ikincil etkile\u015fimler, daha k\u0131sa alkil zincirleri nedeniyle daha belirgindir.<\/p>\n","protected":false},"featured_media":7860,"comment_status":"open","ping_status":"closed","template":"","meta":[],"product_cat":[68,67,69],"product_tag":[],"class_list":{"0":"post-11565","1":"product","2":"type-product","3":"status-publish","4":"has-post-thumbnail","6":"product_cat-kati-faz-ekstraksiyonu-spe","7":"product_cat-kromatografi","8":"product_cat-spe-kolonlari","10":"first","11":"instock","12":"shipping-taxable","13":"product-type-simple"},"_links":{"self":[{"href":"https:\/\/develop.eam-scientific.com\/tr\/wp-json\/wp\/v2\/product\/11565","targetHints":{"allow":["GET"]}}],"collection":[{"href":"https:\/\/develop.eam-scientific.com\/tr\/wp-json\/wp\/v2\/product"}],"about":[{"href":"https:\/\/develop.eam-scientific.com\/tr\/wp-json\/wp\/v2\/types\/product"}],"replies":[{"embeddable":true,"href":"https:\/\/develop.eam-scientific.com\/tr\/wp-json\/wp\/v2\/comments?post=11565"}],"wp:featuredmedia":[{"embeddable":true,"href":"https:\/\/develop.eam-scientific.com\/tr\/wp-json\/wp\/v2\/media\/7860"}],"wp:attachment":[{"href":"https:\/\/develop.eam-scientific.com\/tr\/wp-json\/wp\/v2\/media?parent=11565"}],"wp:term":[{"taxonomy":"product_cat","embeddable":true,"href":"https:\/\/develop.eam-scientific.com\/tr\/wp-json\/wp\/v2\/product_cat?post=11565"},{"taxonomy":"product_tag","embeddable":true,"href":"https:\/\/develop.eam-scientific.com\/tr\/wp-json\/wp\/v2\/product_tag?post=11565"}],"curies":[{"name":"wp","href":"https:\/\/api.w.org\/{rel}","templated":true}]}}