{"id":11581,"date":"2024-06-20T14:49:25","date_gmt":"2024-06-20T12:49:25","guid":{"rendered":"http:\/\/develop.eam-scientific.com\/produkt\/spe-kolonu-chromabond-hlb-30-%c2%b5m-1-ml-30-mg\/"},"modified":"2024-06-28T10:07:42","modified_gmt":"2024-06-28T08:07:42","slug":"spe-kolonu-chromabond-hlb-30-%c2%b5m-1-ml-30-mg","status":"publish","type":"product","link":"https:\/\/develop.eam-scientific.com\/tr\/produkt\/spe-kolonu-chromabond-hlb-30-%c2%b5m-1-ml-30-mg\/","title":{"rendered":"SPE kolonu, CHROMABOND HLB, 60 \u00b5m, 1 mL\/30 mg"},"content":{"rendered":"<p>Kat\u0131 faz ekstraksiyonunda en y\u00fcksek talepler i\u00e7in modern k\u00fcresel polimer. &#8220;Hidrofilik-lipofilik dengeli (HLB) N-vinilpirolidon-divinilbenzen kopolimeri. \u00c7ok \u00e7e\u015fitli analit polariteleri i\u00e7in uygulanabilir. Polar maddeler i\u00e7in geli\u015ftirilmi\u015f tutma. Y\u00fcksek y\u00fcklenebilirlik ve ola\u011fan\u00fcst\u00fc performans. Su ile \u0131slanabilir &#8211; kolon yata\u011f\u0131 kurusa bile SPE i\u015flemine devam edilebilir. Oasis HLB&#8217;ye alternatif.<\/p>\n","protected":false},"excerpt":{"rendered":"<p>Kat\u0131 faz ekstraksiyonunda en y\u00fcksek talepler i\u00e7in modern k\u00fcresel polimer. &#8220;Hidrofilik-lipofilik dengeli (HLB) N-vinilpirolidon-divinilbenzen kopolimeri. \u00c7ok \u00e7e\u015fitli analit polariteleri i\u00e7in uygulanabilir. Polar maddeler i\u00e7in geli\u015ftirilmi\u015f tutma. Y\u00fcksek y\u00fcklenebilirlik ve ola\u011fan\u00fcst\u00fc performans. Su ile \u0131slanabilir &#8211; kolon yata\u011f\u0131 kurusa bile SPE i\u015flemine devam edilebilir. Oasis HLB&#8217;ye alternatif.<\/p>\n","protected":false},"featured_media":15225,"comment_status":"open","ping_status":"closed","template":"","meta":[],"product_cat":[68,67,69],"product_tag":[],"class_list":{"0":"post-11581","1":"product","2":"type-product","3":"status-publish","4":"has-post-thumbnail","6":"product_cat-kati-faz-ekstraksiyonu-spe","7":"product_cat-kromatografi","8":"product_cat-spe-kolonlari","10":"first","11":"instock","12":"shipping-taxable","13":"product-type-simple"},"_links":{"self":[{"href":"https:\/\/develop.eam-scientific.com\/tr\/wp-json\/wp\/v2\/product\/11581","targetHints":{"allow":["GET"]}}],"collection":[{"href":"https:\/\/develop.eam-scientific.com\/tr\/wp-json\/wp\/v2\/product"}],"about":[{"href":"https:\/\/develop.eam-scientific.com\/tr\/wp-json\/wp\/v2\/types\/product"}],"replies":[{"embeddable":true,"href":"https:\/\/develop.eam-scientific.com\/tr\/wp-json\/wp\/v2\/comments?post=11581"}],"wp:featuredmedia":[{"embeddable":true,"href":"https:\/\/develop.eam-scientific.com\/tr\/wp-json\/wp\/v2\/media\/15225"}],"wp:attachment":[{"href":"https:\/\/develop.eam-scientific.com\/tr\/wp-json\/wp\/v2\/media?parent=11581"}],"wp:term":[{"taxonomy":"product_cat","embeddable":true,"href":"https:\/\/develop.eam-scientific.com\/tr\/wp-json\/wp\/v2\/product_cat?post=11581"},{"taxonomy":"product_tag","embeddable":true,"href":"https:\/\/develop.eam-scientific.com\/tr\/wp-json\/wp\/v2\/product_tag?post=11581"}],"curies":[{"name":"wp","href":"https:\/\/api.w.org\/{rel}","templated":true}]}}