{"id":11585,"date":"2024-06-20T14:49:25","date_gmt":"2024-06-20T12:49:25","guid":{"rendered":"http:\/\/develop.eam-scientific.com\/produkt\/spe-cam-kolon-chromabond-cn-sioh-45-%c2%b5m-6-ml-500-1000mg\/"},"modified":"2024-06-28T10:10:04","modified_gmt":"2024-06-28T08:10:04","slug":"spe-cam-kolon-chromabond-cn-sioh-45-%c2%b5m-6-ml-500-1000mg","status":"publish","type":"product","link":"https:\/\/develop.eam-scientific.com\/tr\/produkt\/spe-cam-kolon-chromabond-cn-sioh-45-%c2%b5m-6-ml-500-1000mg\/","title":{"rendered":"SPE kolonu, CHROMABOND CN\/SiOH, 45 \u00b5m, 6 mL\/500\/1000 mg"},"content":{"rendered":"<p>Toprak \u00f6rneklerinden PAH&#8217;lar\u0131n SPE&#8217;si i\u00e7in \u00f6zel silika jel bazl\u0131 kombinasyon faz\u0131. Polisiklik aromatik bile\u015fiklerin \u03c0-\u03c0 etkile\u015fimleri yoluyla se\u00e7ici adsorpsiyonu i\u00e7in siyanopropil faz\u0131 ve polar bile\u015fiklerin ayr\u0131lmas\u0131 i\u00e7in modifiye edilmemi\u015f silika jel faz\u0131.  <\/p>\n","protected":false},"excerpt":{"rendered":"<p>Toprak \u00f6rneklerinden PAH&#8217;lar\u0131n SPE&#8217;si i\u00e7in \u00f6zel silika jel bazl\u0131 kombinasyon faz\u0131. Polisiklik aromatik bile\u015fiklerin \u03c0-\u03c0 etkile\u015fimleri yoluyla se\u00e7ici adsorpsiyonu i\u00e7in siyanopropil faz\u0131 ve polar bile\u015fiklerin ayr\u0131lmas\u0131 i\u00e7in modifiye edilmemi\u015f silika jel faz\u0131.<\/p>\n","protected":false},"featured_media":15380,"comment_status":"open","ping_status":"closed","template":"","meta":[],"product_cat":[68,67,69],"product_tag":[],"class_list":{"0":"post-11585","1":"product","2":"type-product","3":"status-publish","4":"has-post-thumbnail","6":"product_cat-kati-faz-ekstraksiyonu-spe","7":"product_cat-kromatografi","8":"product_cat-spe-kolonlari","10":"first","11":"instock","12":"shipping-taxable","13":"product-type-simple"},"_links":{"self":[{"href":"https:\/\/develop.eam-scientific.com\/tr\/wp-json\/wp\/v2\/product\/11585","targetHints":{"allow":["GET"]}}],"collection":[{"href":"https:\/\/develop.eam-scientific.com\/tr\/wp-json\/wp\/v2\/product"}],"about":[{"href":"https:\/\/develop.eam-scientific.com\/tr\/wp-json\/wp\/v2\/types\/product"}],"replies":[{"embeddable":true,"href":"https:\/\/develop.eam-scientific.com\/tr\/wp-json\/wp\/v2\/comments?post=11585"}],"wp:featuredmedia":[{"embeddable":true,"href":"https:\/\/develop.eam-scientific.com\/tr\/wp-json\/wp\/v2\/media\/15380"}],"wp:attachment":[{"href":"https:\/\/develop.eam-scientific.com\/tr\/wp-json\/wp\/v2\/media?parent=11585"}],"wp:term":[{"taxonomy":"product_cat","embeddable":true,"href":"https:\/\/develop.eam-scientific.com\/tr\/wp-json\/wp\/v2\/product_cat?post=11585"},{"taxonomy":"product_tag","embeddable":true,"href":"https:\/\/develop.eam-scientific.com\/tr\/wp-json\/wp\/v2\/product_tag?post=11585"}],"curies":[{"name":"wp","href":"https:\/\/api.w.org\/{rel}","templated":true}]}}