{"id":11589,"date":"2024-06-20T14:49:25","date_gmt":"2024-06-20T12:49:25","guid":{"rendered":"http:\/\/develop.eam-scientific.com\/produkt\/spe-kolonu-chromabond-drug-45-%c2%b5m-1-ml-100-mg\/"},"modified":"2024-06-28T10:08:22","modified_gmt":"2024-06-28T08:08:22","slug":"spe-kolonu-chromabond-drug-45-%c2%b5m-1-ml-100-mg","status":"publish","type":"product","link":"https:\/\/develop.eam-scientific.com\/tr\/produkt\/spe-kolonu-chromabond-drug-45-%c2%b5m-1-ml-100-mg\/","title":{"rendered":"SPE kolonu, CHROMABOND Drug, 45 \u00b5m, 1 mL\/100 mg"},"content":{"rendered":"<p>\u0130drar veya plazmadan ila\u00e7lar\u0131n SPE ile zenginle\u015ftirilmesi i\u00e7in \u00f6zel silika jel faz\u0131. \u0130ki fonksiyonlu modifikasyon &#8211; C8\/SA (RP8, oktilsilil\/kuvvetli katyon de\u011fi\u015ftirici &#8211; benzens\u00fclfonik asit).<\/p>\n","protected":false},"excerpt":{"rendered":"<p>\u0130drar veya plazmadan ila\u00e7lar\u0131n SPE ile zenginle\u015ftirilmesi i\u00e7in \u00f6zel silika jel faz\u0131. \u0130ki fonksiyonlu modifikasyon &#8211; C8\/SA (RP8, oktilsilil\/kuvvetli katyon de\u011fi\u015ftirici &#8211; benzens\u00fclfonik asit).<\/p>\n","protected":false},"featured_media":7832,"comment_status":"open","ping_status":"closed","template":"","meta":[],"product_cat":[68,67,69],"product_tag":[],"class_list":{"0":"post-11589","1":"product","2":"type-product","3":"status-publish","4":"has-post-thumbnail","6":"product_cat-kati-faz-ekstraksiyonu-spe","7":"product_cat-kromatografi","8":"product_cat-spe-kolonlari","10":"first","11":"instock","12":"shipping-taxable","13":"product-type-simple"},"_links":{"self":[{"href":"https:\/\/develop.eam-scientific.com\/tr\/wp-json\/wp\/v2\/product\/11589","targetHints":{"allow":["GET"]}}],"collection":[{"href":"https:\/\/develop.eam-scientific.com\/tr\/wp-json\/wp\/v2\/product"}],"about":[{"href":"https:\/\/develop.eam-scientific.com\/tr\/wp-json\/wp\/v2\/types\/product"}],"replies":[{"embeddable":true,"href":"https:\/\/develop.eam-scientific.com\/tr\/wp-json\/wp\/v2\/comments?post=11589"}],"wp:featuredmedia":[{"embeddable":true,"href":"https:\/\/develop.eam-scientific.com\/tr\/wp-json\/wp\/v2\/media\/7832"}],"wp:attachment":[{"href":"https:\/\/develop.eam-scientific.com\/tr\/wp-json\/wp\/v2\/media?parent=11589"}],"wp:term":[{"taxonomy":"product_cat","embeddable":true,"href":"https:\/\/develop.eam-scientific.com\/tr\/wp-json\/wp\/v2\/product_cat?post=11589"},{"taxonomy":"product_tag","embeddable":true,"href":"https:\/\/develop.eam-scientific.com\/tr\/wp-json\/wp\/v2\/product_tag?post=11589"}],"curies":[{"name":"wp","href":"https:\/\/api.w.org\/{rel}","templated":true}]}}