{"id":11623,"date":"2024-06-20T14:54:42","date_gmt":"2024-06-20T12:54:42","guid":{"rendered":"http:\/\/develop.eam-scientific.com\/produkt\/faz-ayirma-icin-kolon-chromabond-ptl-15-ml-kolon-hacmi\/"},"modified":"2024-06-20T14:54:42","modified_gmt":"2024-06-20T12:54:42","slug":"faz-ayirma-icin-kolon-chromabond-ptl-15-ml-kolon-hacmi","status":"publish","type":"product","link":"https:\/\/develop.eam-scientific.com\/tr\/produkt\/faz-ayirma-icin-kolon-chromabond-ptl-15-ml-kolon-hacmi\/","title":{"rendered":"Faz ay\u0131rma i\u00e7in kolon, CHROMABOND PTL, 15 mL kolon hacmi"},"content":{"rendered":"<p>\u0130ki fazl\u0131 bir kar\u0131\u015f\u0131m\u0131n ay\u0131rma hunisi olmadan otomatik olarak ayr\u0131lmas\u0131. \u0130ki fazl\u0131 kar\u0131\u015f\u0131mlar kolona tamamen uygulan\u0131r ve faz s\u0131n\u0131r\u0131 ek bir \u00e7al\u0131\u015fma yap\u0131lmadan belirlenir. \u00d6zel membran, alt faz bitti\u011finde ak\u0131\u015f\u0131 otomatik olarak durdurur. \u00dcst faz kolonda kal\u0131r, b\u00f6ylece her iki faz da daha sonraki analizler i\u00e7in kullan\u0131labilir. Kolonlar vakum veya bas\u0131n\u00e7 alt\u0131nda \u00e7al\u0131\u015ft\u0131r\u0131lmamal\u0131d\u0131r. Sudan daha hafif olan \u00e7\u00f6z\u00fcc\u00fcler i\u00e7in PTL, \u00f6rne\u011fin dietil eter, hekzan i\u00e7in.<\/p>\n","protected":false},"excerpt":{"rendered":"<p>\u0130ki fazl\u0131 bir kar\u0131\u015f\u0131m\u0131n ay\u0131rma hunisi olmadan otomatik olarak ayr\u0131lmas\u0131. \u0130ki fazl\u0131 kar\u0131\u015f\u0131mlar kolona tamamen uygulan\u0131r ve faz s\u0131n\u0131r\u0131 ek bir \u00e7al\u0131\u015fma yap\u0131lmadan belirlenir. \u00d6zel membran, alt faz bitti\u011finde ak\u0131\u015f\u0131 otomatik olarak durdurur. \u00dcst faz kolonda kal\u0131r, b\u00f6ylece her iki faz da daha sonraki analizler i\u00e7in kullan\u0131labilir. Kolonlar vakum veya bas\u0131n\u00e7 alt\u0131nda \u00e7al\u0131\u015ft\u0131r\u0131lmamal\u0131d\u0131r. Sudan daha [&hellip;]<\/p>\n","protected":false},"featured_media":8284,"comment_status":"open","ping_status":"closed","template":"","meta":[],"product_cat":[68,67,78],"product_tag":[],"class_list":{"0":"post-11623","1":"product","2":"type-product","3":"status-publish","4":"has-post-thumbnail","6":"product_cat-kati-faz-ekstraksiyonu-spe","7":"product_cat-kromatografi","8":"product_cat-sle-lle-tr","10":"first","11":"instock","12":"shipping-taxable","13":"product-type-simple"},"_links":{"self":[{"href":"https:\/\/develop.eam-scientific.com\/tr\/wp-json\/wp\/v2\/product\/11623","targetHints":{"allow":["GET"]}}],"collection":[{"href":"https:\/\/develop.eam-scientific.com\/tr\/wp-json\/wp\/v2\/product"}],"about":[{"href":"https:\/\/develop.eam-scientific.com\/tr\/wp-json\/wp\/v2\/types\/product"}],"replies":[{"embeddable":true,"href":"https:\/\/develop.eam-scientific.com\/tr\/wp-json\/wp\/v2\/comments?post=11623"}],"wp:featuredmedia":[{"embeddable":true,"href":"https:\/\/develop.eam-scientific.com\/tr\/wp-json\/wp\/v2\/media\/8284"}],"wp:attachment":[{"href":"https:\/\/develop.eam-scientific.com\/tr\/wp-json\/wp\/v2\/media?parent=11623"}],"wp:term":[{"taxonomy":"product_cat","embeddable":true,"href":"https:\/\/develop.eam-scientific.com\/tr\/wp-json\/wp\/v2\/product_cat?post=11623"},{"taxonomy":"product_tag","embeddable":true,"href":"https:\/\/develop.eam-scientific.com\/tr\/wp-json\/wp\/v2\/product_tag?post=11623"}],"curies":[{"name":"wp","href":"https:\/\/api.w.org\/{rel}","templated":true}]}}