{"id":11690,"date":"2024-06-20T14:53:44","date_gmt":"2024-06-20T12:53:44","guid":{"rendered":"http:\/\/develop.eam-scientific.com\/produkt\/chromabond-quechers-mix-m1-mikotoksin-analizi-icin-oezel-temizleme-karisimi\/"},"modified":"2024-06-20T14:53:44","modified_gmt":"2024-06-20T12:53:44","slug":"chromabond-quechers-mix-m1-mikotoksin-analizi-icin-oezel-temizleme-karisimi","status":"publish","type":"product","link":"https:\/\/develop.eam-scientific.com\/tr\/produkt\/chromabond-quechers-mix-m1-mikotoksin-analizi-icin-oezel-temizleme-karisimi\/","title":{"rendered":"CHROMABOND QuEChERS Mix M1, mikotoksin analizi i\u00e7in \u00f6zel temizleme kar\u0131\u015f\u0131m\u0131"},"content":{"rendered":"<p>QuEChERS \u00fcr\u00fcnlerinin (&#8220;H\u0131zl\u0131, Kolay, Ucuz, Etkili, Sa\u011flam ve G\u00fcvenli&#8221;) geleneksel temizlik y\u00f6ntemlerine k\u0131yasla avantajlar\u0131: kolay kullan\u0131m ve zaman tasarrufu sa\u011flayan s\u00fcrecin yan\u0131 s\u0131ra cam e\u015fyaya ihtiya\u00e7 duyulmamas\u0131 (pratik ve ekonomik). D\u00fc\u015f\u00fck solvent t\u00fcketimi ve klorlu solventlere gerek yok (\u00e7evre dostu). Geni\u015f bir pestisit spektrumu tespit edilebilir. Y\u00f6ntem sa\u011flamd\u0131r ve y\u00fcksek ve g\u00fcvenilir geri kazan\u0131m oranlar\u0131 sa\u011flar. Anastassiades ve di\u011ferleri taraf\u0131ndan 2003 y\u0131l\u0131nda yap\u0131lan \u00e7al\u0131\u015fma. QuEChERS y\u00f6nteminin (&#8220;yakalay\u0131c\u0131lar&#8221; \u015feklinde telaffuz edilir) tan\u0131t\u0131lmas\u0131 ve s\u00fcrekli olarak daha da geli\u015ftirilmesi, kullan\u0131ma haz\u0131r kar\u0131\u015f\u0131mlar\u0131n geni\u015flemesine yol a\u00e7m\u0131\u015ft\u0131r. QuEChERS, meyve, sebze ve di\u011fer matrislerdeki pestisit ve ila\u00e7lar\u0131n analizi i\u00e7in numune haz\u0131rlamada tercih edilen bir y\u00f6ntem haline gelmi\u015ftir. CHROMABOND QuEChERS Mix M1, mikotoksin analizi i\u00e7in bir temizleme kar\u0131\u015f\u0131m\u0131 olarak \u00f6zel olarak geli\u015ftirilmi\u015ftir.<\/p>\n","protected":false},"excerpt":{"rendered":"<p>QuEChERS \u00fcr\u00fcnlerinin (&#8220;H\u0131zl\u0131, Kolay, Ucuz, Etkili, Sa\u011flam ve G\u00fcvenli&#8221;) geleneksel temizlik y\u00f6ntemlerine k\u0131yasla avantajlar\u0131: kolay kullan\u0131m ve zaman tasarrufu sa\u011flayan s\u00fcrecin yan\u0131 s\u0131ra cam e\u015fyaya ihtiya\u00e7 duyulmamas\u0131 (pratik ve ekonomik). D\u00fc\u015f\u00fck solvent t\u00fcketimi ve klorlu solventlere gerek yok (\u00e7evre dostu). Geni\u015f bir pestisit spektrumu tespit edilebilir. Y\u00f6ntem sa\u011flamd\u0131r ve y\u00fcksek ve g\u00fcvenilir geri kazan\u0131m oranlar\u0131 [&hellip;]<\/p>\n","protected":false},"featured_media":8220,"comment_status":"open","ping_status":"closed","template":"","meta":[],"product_cat":[68,67,80],"product_tag":[],"class_list":{"0":"post-11690","1":"product","2":"type-product","3":"status-publish","4":"has-post-thumbnail","6":"product_cat-kati-faz-ekstraksiyonu-spe","7":"product_cat-kromatografi","8":"product_cat-quechers-karisimlari","10":"first","11":"instock","12":"shipping-taxable","13":"product-type-simple"},"_links":{"self":[{"href":"https:\/\/develop.eam-scientific.com\/tr\/wp-json\/wp\/v2\/product\/11690","targetHints":{"allow":["GET"]}}],"collection":[{"href":"https:\/\/develop.eam-scientific.com\/tr\/wp-json\/wp\/v2\/product"}],"about":[{"href":"https:\/\/develop.eam-scientific.com\/tr\/wp-json\/wp\/v2\/types\/product"}],"replies":[{"embeddable":true,"href":"https:\/\/develop.eam-scientific.com\/tr\/wp-json\/wp\/v2\/comments?post=11690"}],"wp:featuredmedia":[{"embeddable":true,"href":"https:\/\/develop.eam-scientific.com\/tr\/wp-json\/wp\/v2\/media\/8220"}],"wp:attachment":[{"href":"https:\/\/develop.eam-scientific.com\/tr\/wp-json\/wp\/v2\/media?parent=11690"}],"wp:term":[{"taxonomy":"product_cat","embeddable":true,"href":"https:\/\/develop.eam-scientific.com\/tr\/wp-json\/wp\/v2\/product_cat?post=11690"},{"taxonomy":"product_tag","embeddable":true,"href":"https:\/\/develop.eam-scientific.com\/tr\/wp-json\/wp\/v2\/product_tag?post=11690"}],"curies":[{"name":"wp","href":"https:\/\/api.w.org\/{rel}","templated":true}]}}