{"id":11698,"date":"2024-06-20T14:53:44","date_gmt":"2024-06-20T12:53:44","guid":{"rendered":"http:\/\/develop.eam-scientific.com\/produkt\/spe-multi-96-monoblok-chromabond-c18-96x-100-mg-45-%c2%b5m\/"},"modified":"2024-06-28T10:09:35","modified_gmt":"2024-06-28T08:09:35","slug":"spe-multi-96-monoblok-chromabond-c18-96x-100-mg-45-%c2%b5m","status":"publish","type":"product","link":"https:\/\/develop.eam-scientific.com\/tr\/produkt\/spe-multi-96-monoblok-chromabond-c18-96x-100-mg-45-%c2%b5m\/","title":{"rendered":"SPE MULTI 96-Monoblok CHROMABOND C18, 96x 100 mg, 45 \u00b5m"},"content":{"rendered":"<p>Ayn\u0131 anda 96 numunenin haz\u0131rlanmas\u0131 i\u00e7in &#8211; y\u00fcksek verimli SPE. Silika bazl\u0131 oktadesil faz, u\u00e7 kapakl\u0131 de\u011fil. \u00c7e\u015fitli organik bile\u015fiklerle hidrofobik etkile\u015fimler i\u00e7in klasik ve yayg\u0131n olarak kullan\u0131lan polar olmayan bir malzemeden olu\u015fur.<\/p>\n","protected":false},"excerpt":{"rendered":"<p>Ayn\u0131 anda 96 numunenin haz\u0131rlanmas\u0131 i\u00e7in &#8211; y\u00fcksek verimli SPE. Silika bazl\u0131 oktadesil faz, u\u00e7 kapakl\u0131 de\u011fil. \u00c7e\u015fitli organik bile\u015fiklerle hidrofobik etkile\u015fimler i\u00e7in klasik ve yayg\u0131n olarak kullan\u0131lan polar olmayan bir malzemeden olu\u015fur.<\/p>\n","protected":false},"featured_media":8206,"comment_status":"open","ping_status":"closed","template":"","meta":[],"product_cat":[68,67,82],"product_tag":[],"class_list":{"0":"post-11698","1":"product","2":"type-product","3":"status-publish","4":"has-post-thumbnail","6":"product_cat-kati-faz-ekstraksiyonu-spe","7":"product_cat-kromatografi","8":"product_cat-spe-multi-96-paneller","10":"first","11":"instock","12":"shipping-taxable","13":"product-type-simple"},"_links":{"self":[{"href":"https:\/\/develop.eam-scientific.com\/tr\/wp-json\/wp\/v2\/product\/11698","targetHints":{"allow":["GET"]}}],"collection":[{"href":"https:\/\/develop.eam-scientific.com\/tr\/wp-json\/wp\/v2\/product"}],"about":[{"href":"https:\/\/develop.eam-scientific.com\/tr\/wp-json\/wp\/v2\/types\/product"}],"replies":[{"embeddable":true,"href":"https:\/\/develop.eam-scientific.com\/tr\/wp-json\/wp\/v2\/comments?post=11698"}],"wp:featuredmedia":[{"embeddable":true,"href":"https:\/\/develop.eam-scientific.com\/tr\/wp-json\/wp\/v2\/media\/8206"}],"wp:attachment":[{"href":"https:\/\/develop.eam-scientific.com\/tr\/wp-json\/wp\/v2\/media?parent=11698"}],"wp:term":[{"taxonomy":"product_cat","embeddable":true,"href":"https:\/\/develop.eam-scientific.com\/tr\/wp-json\/wp\/v2\/product_cat?post=11698"},{"taxonomy":"product_tag","embeddable":true,"href":"https:\/\/develop.eam-scientific.com\/tr\/wp-json\/wp\/v2\/product_tag?post=11698"}],"curies":[{"name":"wp","href":"https:\/\/api.w.org\/{rel}","templated":true}]}}