{"id":11705,"date":"2024-06-20T14:53:21","date_gmt":"2024-06-20T12:53:21","guid":{"rendered":"http:\/\/develop.eam-scientific.com\/produkt\/chromabond-multi-96-butil-kaucuktan-yapilmis-kapak-paspasi-ptfe-kaplamali-125x85x13-mm\/"},"modified":"2024-06-20T14:53:21","modified_gmt":"2024-06-20T12:53:21","slug":"chromabond-multi-96-butil-kaucuktan-yapilmis-kapak-paspasi-ptfe-kaplamali-125x85x13-mm","status":"publish","type":"product","link":"https:\/\/develop.eam-scientific.com\/tr\/produkt\/chromabond-multi-96-butil-kaucuktan-yapilmis-kapak-paspasi-ptfe-kaplamali-125x85x13-mm\/","title":{"rendered":"CHROMABOND Multi 96 butil kau\u00e7uktan yap\u0131lm\u0131\u015f kapak paspas\u0131, PTFE kaplamal\u0131, 125x85x1,3 mm"},"content":{"rendered":"<p>Tek tarafl\u0131 CHROMABOND Multi 96 panel s\u0131ralar\u0131n\u0131 kaplamak i\u00e7in PTFE kaplamal\u0131 b\u00fctil kau\u00e7uktan yap\u0131lm\u0131\u015f kau\u00e7uk paspas.<\/p>\n","protected":false},"excerpt":{"rendered":"<p>Tek tarafl\u0131 CHROMABOND Multi 96 panel s\u0131ralar\u0131n\u0131 kaplamak i\u00e7in PTFE kaplamal\u0131 b\u00fctil kau\u00e7uktan yap\u0131lm\u0131\u015f kau\u00e7uk paspas.<\/p>\n","protected":false},"featured_media":8198,"comment_status":"open","ping_status":"closed","template":"","meta":[],"product_cat":[68,67,82],"product_tag":[],"class_list":{"0":"post-11705","1":"product","2":"type-product","3":"status-publish","4":"has-post-thumbnail","6":"product_cat-kati-faz-ekstraksiyonu-spe","7":"product_cat-kromatografi","8":"product_cat-spe-multi-96-paneller","10":"first","11":"instock","12":"shipping-taxable","13":"product-type-simple"},"_links":{"self":[{"href":"https:\/\/develop.eam-scientific.com\/tr\/wp-json\/wp\/v2\/product\/11705","targetHints":{"allow":["GET"]}}],"collection":[{"href":"https:\/\/develop.eam-scientific.com\/tr\/wp-json\/wp\/v2\/product"}],"about":[{"href":"https:\/\/develop.eam-scientific.com\/tr\/wp-json\/wp\/v2\/types\/product"}],"replies":[{"embeddable":true,"href":"https:\/\/develop.eam-scientific.com\/tr\/wp-json\/wp\/v2\/comments?post=11705"}],"wp:featuredmedia":[{"embeddable":true,"href":"https:\/\/develop.eam-scientific.com\/tr\/wp-json\/wp\/v2\/media\/8198"}],"wp:attachment":[{"href":"https:\/\/develop.eam-scientific.com\/tr\/wp-json\/wp\/v2\/media?parent=11705"}],"wp:term":[{"taxonomy":"product_cat","embeddable":true,"href":"https:\/\/develop.eam-scientific.com\/tr\/wp-json\/wp\/v2\/product_cat?post=11705"},{"taxonomy":"product_tag","embeddable":true,"href":"https:\/\/develop.eam-scientific.com\/tr\/wp-json\/wp\/v2\/product_tag?post=11705"}],"curies":[{"name":"wp","href":"https:\/\/api.w.org\/{rel}","templated":true}]}}