{"id":11710,"date":"2024-06-20T14:53:21","date_gmt":"2024-06-20T12:53:21","guid":{"rendered":"http:\/\/develop.eam-scientific.com\/produkt\/chromabond-multi-96-monoblok-96x05-ml-bos\/"},"modified":"2024-06-20T14:53:21","modified_gmt":"2024-06-20T12:53:21","slug":"chromabond-multi-96-monoblok-96x05-ml-bos","status":"publish","type":"product","link":"https:\/\/develop.eam-scientific.com\/tr\/produkt\/chromabond-multi-96-monoblok-96x05-ml-bos\/","title":{"rendered":"CHROMABOND Multi 96 monoblok, 96&#215;0,5 mL, bo\u015f"},"content":{"rendered":"<p>Polipropilenden yap\u0131lm\u0131\u015f bu 96 kuyulu plaka (mikrotitre plakas\u0131), CHROMABOND MULTI 96 vakum odas\u0131nda bir toplama plakas\u0131 olarak kullan\u0131labilir.<\/p>\n","protected":false},"excerpt":{"rendered":"<p>Polipropilenden yap\u0131lm\u0131\u015f bu 96 kuyulu plaka (mikrotitre plakas\u0131), CHROMABOND MULTI 96 vakum odas\u0131nda bir toplama plakas\u0131 olarak kullan\u0131labilir.<\/p>\n","protected":false},"featured_media":8200,"comment_status":"open","ping_status":"closed","template":"","meta":[],"product_cat":[68,67,82],"product_tag":[],"class_list":{"0":"post-11710","1":"product","2":"type-product","3":"status-publish","4":"has-post-thumbnail","6":"product_cat-kati-faz-ekstraksiyonu-spe","7":"product_cat-kromatografi","8":"product_cat-spe-multi-96-paneller","10":"first","11":"instock","12":"shipping-taxable","13":"product-type-simple"},"_links":{"self":[{"href":"https:\/\/develop.eam-scientific.com\/tr\/wp-json\/wp\/v2\/product\/11710","targetHints":{"allow":["GET"]}}],"collection":[{"href":"https:\/\/develop.eam-scientific.com\/tr\/wp-json\/wp\/v2\/product"}],"about":[{"href":"https:\/\/develop.eam-scientific.com\/tr\/wp-json\/wp\/v2\/types\/product"}],"replies":[{"embeddable":true,"href":"https:\/\/develop.eam-scientific.com\/tr\/wp-json\/wp\/v2\/comments?post=11710"}],"wp:featuredmedia":[{"embeddable":true,"href":"https:\/\/develop.eam-scientific.com\/tr\/wp-json\/wp\/v2\/media\/8200"}],"wp:attachment":[{"href":"https:\/\/develop.eam-scientific.com\/tr\/wp-json\/wp\/v2\/media?parent=11710"}],"wp:term":[{"taxonomy":"product_cat","embeddable":true,"href":"https:\/\/develop.eam-scientific.com\/tr\/wp-json\/wp\/v2\/product_cat?post=11710"},{"taxonomy":"product_tag","embeddable":true,"href":"https:\/\/develop.eam-scientific.com\/tr\/wp-json\/wp\/v2\/product_tag?post=11710"}],"curies":[{"name":"wp","href":"https:\/\/api.w.org\/{rel}","templated":true}]}}