{"id":11712,"date":"2024-06-20T14:53:21","date_gmt":"2024-06-20T12:53:21","guid":{"rendered":"http:\/\/develop.eam-scientific.com\/produkt\/spe-multi-96-monoblok-chromabond-hr-xc-96x-25-mg-45-%c2%b5m\/"},"modified":"2024-06-28T10:09:34","modified_gmt":"2024-06-28T08:09:34","slug":"spe-multi-96-monoblok-chromabond-hr-xc-96x-25-mg-45-%c2%b5m","status":"publish","type":"product","link":"https:\/\/develop.eam-scientific.com\/tr\/produkt\/spe-multi-96-monoblok-chromabond-hr-xc-96x-25-mg-45-%c2%b5m\/","title":{"rendered":"SPE MULTI 96-Monoblok CHROMABOND HR-XC, 96x 25 mg, 45 \u00b5m"},"content":{"rendered":"<p>Ayn\u0131 anda 96 numunenin haz\u0131rlanmas\u0131 i\u00e7in (y\u00fcksek verimli, HTP SPE, kat\u0131 faz ekstraksiyonu). Kat\u0131 faz ekstraksiyonunda en y\u00fcksek talepler i\u00e7in modern k\u00fcresel polimer. G\u00fc\u00e7l\u00fc katyon de\u011fi\u015fimi ve RP \u00f6zelliklerine (MCX) sahip kar\u0131\u015f\u0131k modlu SPE i\u00e7in benzens\u00fclfonik asit modifikasyonlu PS\/DVB kopolimeri. De\u011fi\u015fim kapasitesi 1.0 meq\/g, pKa &lt; 1 ve RP kapasitesi 300 mg\/g (suda kafein). \u0130deal ak\u0131\u015f \u00f6zelliklerine sahip y\u00fcksek safl\u0131kta malzeme ve optimize edilmi\u015f \u00fcretim s\u00fcreci sayesinde son derece d\u00fc\u015f\u00fck bo\u015f de\u011ferler ile maksimum tekrarlanabilirlik sa\u011flar. \u00d6zellikle bazik (pKa 2-10 olan bazlar) analitlerin zenginle\u015ftirilmesi i\u00e7in m\u00fckemmel geri kazan\u0131m oranlar\u0131.<\/p>\n","protected":false},"excerpt":{"rendered":"<p>Ayn\u0131 anda 96 numunenin haz\u0131rlanmas\u0131 i\u00e7in (y\u00fcksek verimli, HTP SPE, kat\u0131 faz ekstraksiyonu). Kat\u0131 faz ekstraksiyonunda en y\u00fcksek talepler i\u00e7in modern k\u00fcresel polimer. G\u00fc\u00e7l\u00fc katyon de\u011fi\u015fimi ve RP \u00f6zelliklerine (MCX) sahip kar\u0131\u015f\u0131k modlu SPE i\u00e7in benzens\u00fclfonik asit modifikasyonlu PS\/DVB kopolimeri. De\u011fi\u015fim kapasitesi 1.0 meq\/g, pKa &lt; 1 ve RP kapasitesi 300 mg\/g (suda kafein). \u0130deal [&hellip;]<\/p>\n","protected":false},"featured_media":8194,"comment_status":"open","ping_status":"closed","template":"","meta":[],"product_cat":[68,67,82],"product_tag":[],"class_list":{"0":"post-11712","1":"product","2":"type-product","3":"status-publish","4":"has-post-thumbnail","6":"product_cat-kati-faz-ekstraksiyonu-spe","7":"product_cat-kromatografi","8":"product_cat-spe-multi-96-paneller","10":"first","11":"instock","12":"shipping-taxable","13":"product-type-simple"},"_links":{"self":[{"href":"https:\/\/develop.eam-scientific.com\/tr\/wp-json\/wp\/v2\/product\/11712","targetHints":{"allow":["GET"]}}],"collection":[{"href":"https:\/\/develop.eam-scientific.com\/tr\/wp-json\/wp\/v2\/product"}],"about":[{"href":"https:\/\/develop.eam-scientific.com\/tr\/wp-json\/wp\/v2\/types\/product"}],"replies":[{"embeddable":true,"href":"https:\/\/develop.eam-scientific.com\/tr\/wp-json\/wp\/v2\/comments?post=11712"}],"wp:featuredmedia":[{"embeddable":true,"href":"https:\/\/develop.eam-scientific.com\/tr\/wp-json\/wp\/v2\/media\/8194"}],"wp:attachment":[{"href":"https:\/\/develop.eam-scientific.com\/tr\/wp-json\/wp\/v2\/media?parent=11712"}],"wp:term":[{"taxonomy":"product_cat","embeddable":true,"href":"https:\/\/develop.eam-scientific.com\/tr\/wp-json\/wp\/v2\/product_cat?post=11712"},{"taxonomy":"product_tag","embeddable":true,"href":"https:\/\/develop.eam-scientific.com\/tr\/wp-json\/wp\/v2\/product_tag?post=11712"}],"curies":[{"name":"wp","href":"https:\/\/api.w.org\/{rel}","templated":true}]}}