{"id":11716,"date":"2024-06-20T14:53:00","date_gmt":"2024-06-20T12:53:00","guid":{"rendered":"http:\/\/develop.eam-scientific.com\/produkt\/spe-multi-96-monoblok-chromabond-hr-x-96x-50-mg-85-%c2%b5m\/"},"modified":"2024-06-28T10:09:40","modified_gmt":"2024-06-28T08:09:40","slug":"spe-multi-96-monoblok-chromabond-hr-x-96x-50-mg-85-%c2%b5m","status":"publish","type":"product","link":"https:\/\/develop.eam-scientific.com\/tr\/produkt\/spe-multi-96-monoblok-chromabond-hr-x-96x-50-mg-85-%c2%b5m\/","title":{"rendered":"SPE MULTI 96-Monoblok CHROMABOND HR-X, 96x 100 mg, 85 \u00b5m"},"content":{"rendered":"<p>Ayn\u0131 anda 96 numunenin haz\u0131rlanmas\u0131 i\u00e7in (y\u00fcksek verimli, HTP SPE, kat\u0131 faz ekstraksiyonu). K\u00fcresel PS-DVB polimer.<\/p>\n","protected":false},"excerpt":{"rendered":"<p>Ayn\u0131 anda 96 numunenin haz\u0131rlanmas\u0131 i\u00e7in (y\u00fcksek verimli, HTP SPE, kat\u0131 faz ekstraksiyonu). K\u00fcresel PS-DVB polimer.<\/p>\n","protected":false},"featured_media":15479,"comment_status":"open","ping_status":"closed","template":"","meta":[],"product_cat":[68,67,82],"product_tag":[],"class_list":{"0":"post-11716","1":"product","2":"type-product","3":"status-publish","4":"has-post-thumbnail","6":"product_cat-kati-faz-ekstraksiyonu-spe","7":"product_cat-kromatografi","8":"product_cat-spe-multi-96-paneller","10":"first","11":"instock","12":"shipping-taxable","13":"product-type-simple"},"_links":{"self":[{"href":"https:\/\/develop.eam-scientific.com\/tr\/wp-json\/wp\/v2\/product\/11716","targetHints":{"allow":["GET"]}}],"collection":[{"href":"https:\/\/develop.eam-scientific.com\/tr\/wp-json\/wp\/v2\/product"}],"about":[{"href":"https:\/\/develop.eam-scientific.com\/tr\/wp-json\/wp\/v2\/types\/product"}],"replies":[{"embeddable":true,"href":"https:\/\/develop.eam-scientific.com\/tr\/wp-json\/wp\/v2\/comments?post=11716"}],"wp:featuredmedia":[{"embeddable":true,"href":"https:\/\/develop.eam-scientific.com\/tr\/wp-json\/wp\/v2\/media\/15479"}],"wp:attachment":[{"href":"https:\/\/develop.eam-scientific.com\/tr\/wp-json\/wp\/v2\/media?parent=11716"}],"wp:term":[{"taxonomy":"product_cat","embeddable":true,"href":"https:\/\/develop.eam-scientific.com\/tr\/wp-json\/wp\/v2\/product_cat?post=11716"},{"taxonomy":"product_tag","embeddable":true,"href":"https:\/\/develop.eam-scientific.com\/tr\/wp-json\/wp\/v2\/product_tag?post=11716"}],"curies":[{"name":"wp","href":"https:\/\/api.w.org\/{rel}","templated":true}]}}