{"id":11719,"date":"2024-06-20T14:53:00","date_gmt":"2024-06-20T12:53:00","guid":{"rendered":"http:\/\/develop.eam-scientific.com\/produkt\/spe-multi-96-monoblok-chromabond-hlb-96x-60-mg-60-%c2%b5m\/"},"modified":"2024-06-28T10:09:39","modified_gmt":"2024-06-28T08:09:39","slug":"spe-multi-96-monoblok-chromabond-hlb-96x-60-mg-60-%c2%b5m","status":"publish","type":"product","link":"https:\/\/develop.eam-scientific.com\/tr\/produkt\/spe-multi-96-monoblok-chromabond-hlb-96x-60-mg-60-%c2%b5m\/","title":{"rendered":"SPE MULTI 96-Monoblok CHROMABOND HLB, 96x 60 mg, 60 \u00b5m"},"content":{"rendered":"<p>Ayn\u0131 anda 96 numunenin haz\u0131rlanmas\u0131 i\u00e7in. Kat\u0131 faz ekstraksiyonunda en y\u00fcksek talepler i\u00e7in modern k\u00fcresel polimer. &#8220;Hidrofilik-lipofilik dengeli (HLB) N-vinilpirolidon-divinilbenzen kopolimeri. \u00c7ok \u00e7e\u015fitli analit polariteleri i\u00e7in uygulanabilir. Polar bile\u015fikler i\u00e7in geli\u015ftirilmi\u015f tutma. Y\u00fcksek y\u00fcklenebilirlik ve ola\u011fan\u00fcst\u00fc performans. Su ile \u0131slanabilir &#8211; kolon yata\u011f\u0131 kurusa bile SPE i\u015flemine devam edilebilir.<\/p>\n","protected":false},"excerpt":{"rendered":"<p>Ayn\u0131 anda 96 numunenin haz\u0131rlanmas\u0131 i\u00e7in. Kat\u0131 faz ekstraksiyonunda en y\u00fcksek talepler i\u00e7in modern k\u00fcresel polimer. &#8220;Hidrofilik-lipofilik dengeli (HLB) N-vinilpirolidon-divinilbenzen kopolimeri. \u00c7ok \u00e7e\u015fitli analit polariteleri i\u00e7in uygulanabilir. Polar bile\u015fikler i\u00e7in geli\u015ftirilmi\u015f tutma. Y\u00fcksek y\u00fcklenebilirlik ve ola\u011fan\u00fcst\u00fc performans. Su ile \u0131slanabilir &#8211; kolon yata\u011f\u0131 kurusa bile SPE i\u015flemine devam edilebilir.<\/p>\n","protected":false},"featured_media":8190,"comment_status":"open","ping_status":"closed","template":"","meta":[],"product_cat":[68,67,82],"product_tag":[],"class_list":{"0":"post-11719","1":"product","2":"type-product","3":"status-publish","4":"has-post-thumbnail","6":"product_cat-kati-faz-ekstraksiyonu-spe","7":"product_cat-kromatografi","8":"product_cat-spe-multi-96-paneller","10":"first","11":"instock","12":"shipping-taxable","13":"product-type-simple"},"_links":{"self":[{"href":"https:\/\/develop.eam-scientific.com\/tr\/wp-json\/wp\/v2\/product\/11719","targetHints":{"allow":["GET"]}}],"collection":[{"href":"https:\/\/develop.eam-scientific.com\/tr\/wp-json\/wp\/v2\/product"}],"about":[{"href":"https:\/\/develop.eam-scientific.com\/tr\/wp-json\/wp\/v2\/types\/product"}],"replies":[{"embeddable":true,"href":"https:\/\/develop.eam-scientific.com\/tr\/wp-json\/wp\/v2\/comments?post=11719"}],"wp:featuredmedia":[{"embeddable":true,"href":"https:\/\/develop.eam-scientific.com\/tr\/wp-json\/wp\/v2\/media\/8190"}],"wp:attachment":[{"href":"https:\/\/develop.eam-scientific.com\/tr\/wp-json\/wp\/v2\/media?parent=11719"}],"wp:term":[{"taxonomy":"product_cat","embeddable":true,"href":"https:\/\/develop.eam-scientific.com\/tr\/wp-json\/wp\/v2\/product_cat?post=11719"},{"taxonomy":"product_tag","embeddable":true,"href":"https:\/\/develop.eam-scientific.com\/tr\/wp-json\/wp\/v2\/product_tag?post=11719"}],"curies":[{"name":"wp","href":"https:\/\/api.w.org\/{rel}","templated":true}]}}