{"id":11739,"date":"2024-06-20T14:53:00","date_gmt":"2024-06-20T12:53:00","guid":{"rendered":"http:\/\/develop.eam-scientific.com\/produkt\/spe-kolonu-chromabond-pfas-3-ml-120-mg\/"},"modified":"2024-06-28T10:09:52","modified_gmt":"2024-06-28T08:09:52","slug":"spe-kolonu-chromabond-pfas-3-ml-120-mg","status":"publish","type":"product","link":"https:\/\/develop.eam-scientific.com\/tr\/produkt\/spe-kolonu-chromabond-pfas-3-ml-120-mg\/","title":{"rendered":"SPE kolonu, CHROMABOND PFAS, 3 mL\/120 mg"},"content":{"rendered":"<p>PFAS analizi i\u00e7in \u00f6zel a\u015fama. Su, tekstil ve sedimanlardan (kirlenmi\u015f topraklar) PFAS&#8217;\u0131n SPE ile zenginle\u015ftirilmesi i\u00e7in. Zay\u0131f anyon de\u011fi\u015ftiricili, y\u00fcksek g\u00f6zenekli, k\u00fcresel partik\u00fcll\u00fc polimerik kombinasyon faz\u0131.<\/p>\n","protected":false},"excerpt":{"rendered":"<p>PFAS analizi i\u00e7in \u00f6zel a\u015fama. Su, tekstil ve sedimanlardan (kirlenmi\u015f topraklar) PFAS&#8217;\u0131n SPE ile zenginle\u015ftirilmesi i\u00e7in. Zay\u0131f anyon de\u011fi\u015ftiricili, y\u00fcksek g\u00f6zenekli, k\u00fcresel partik\u00fcll\u00fc polimerik kombinasyon faz\u0131.<\/p>\n","protected":false},"featured_media":15440,"comment_status":"open","ping_status":"closed","template":"","meta":[],"product_cat":[68,67,69],"product_tag":[],"class_list":{"0":"post-11739","1":"product","2":"type-product","3":"status-publish","4":"has-post-thumbnail","6":"product_cat-kati-faz-ekstraksiyonu-spe","7":"product_cat-kromatografi","8":"product_cat-spe-kolonlari","10":"first","11":"instock","12":"shipping-taxable","13":"product-type-simple"},"_links":{"self":[{"href":"https:\/\/develop.eam-scientific.com\/tr\/wp-json\/wp\/v2\/product\/11739","targetHints":{"allow":["GET"]}}],"collection":[{"href":"https:\/\/develop.eam-scientific.com\/tr\/wp-json\/wp\/v2\/product"}],"about":[{"href":"https:\/\/develop.eam-scientific.com\/tr\/wp-json\/wp\/v2\/types\/product"}],"replies":[{"embeddable":true,"href":"https:\/\/develop.eam-scientific.com\/tr\/wp-json\/wp\/v2\/comments?post=11739"}],"wp:featuredmedia":[{"embeddable":true,"href":"https:\/\/develop.eam-scientific.com\/tr\/wp-json\/wp\/v2\/media\/15440"}],"wp:attachment":[{"href":"https:\/\/develop.eam-scientific.com\/tr\/wp-json\/wp\/v2\/media?parent=11739"}],"wp:term":[{"taxonomy":"product_cat","embeddable":true,"href":"https:\/\/develop.eam-scientific.com\/tr\/wp-json\/wp\/v2\/product_cat?post=11739"},{"taxonomy":"product_tag","embeddable":true,"href":"https:\/\/develop.eam-scientific.com\/tr\/wp-json\/wp\/v2\/product_tag?post=11739"}],"curies":[{"name":"wp","href":"https:\/\/api.w.org\/{rel}","templated":true}]}}