{"id":11740,"date":"2024-06-20T14:53:00","date_gmt":"2024-06-20T12:53:00","guid":{"rendered":"http:\/\/develop.eam-scientific.com\/produkt\/pp-kap-seritleri-icin-sekiz-seritli-sizdirmazlik-kapaklari-ref-738652\/"},"modified":"2024-06-20T14:53:00","modified_gmt":"2024-06-20T12:53:00","slug":"pp-kap-seritleri-icin-sekiz-seritli-sizdirmazlik-kapaklari-ref-738652","status":"publish","type":"product","link":"https:\/\/develop.eam-scientific.com\/tr\/produkt\/pp-kap-seritleri-icin-sekiz-seritli-sizdirmazlik-kapaklari-ref-738652\/","title":{"rendered":"PP kap \u015feritleri i\u00e7in sekiz \u015feritli s\u0131zd\u0131rmazl\u0131k kapaklar\u0131 (REF 738652)"},"content":{"rendered":"<p>PP konteyner \u015feritleri i\u00e7in sekiz \u015feritli s\u0131zd\u0131rmazl\u0131k kapaklar\u0131 (REF 738652).<\/p>\n","protected":false},"excerpt":{"rendered":"<p>PP konteyner \u015feritleri i\u00e7in sekiz \u015feritli s\u0131zd\u0131rmazl\u0131k kapaklar\u0131 (REF 738652).<\/p>\n","protected":false},"featured_media":8170,"comment_status":"open","ping_status":"closed","template":"","meta":[],"product_cat":[68,67,82],"product_tag":[],"class_list":{"0":"post-11740","1":"product","2":"type-product","3":"status-publish","4":"has-post-thumbnail","6":"product_cat-kati-faz-ekstraksiyonu-spe","7":"product_cat-kromatografi","8":"product_cat-spe-multi-96-paneller","10":"first","11":"instock","12":"shipping-taxable","13":"product-type-simple"},"_links":{"self":[{"href":"https:\/\/develop.eam-scientific.com\/tr\/wp-json\/wp\/v2\/product\/11740","targetHints":{"allow":["GET"]}}],"collection":[{"href":"https:\/\/develop.eam-scientific.com\/tr\/wp-json\/wp\/v2\/product"}],"about":[{"href":"https:\/\/develop.eam-scientific.com\/tr\/wp-json\/wp\/v2\/types\/product"}],"replies":[{"embeddable":true,"href":"https:\/\/develop.eam-scientific.com\/tr\/wp-json\/wp\/v2\/comments?post=11740"}],"wp:featuredmedia":[{"embeddable":true,"href":"https:\/\/develop.eam-scientific.com\/tr\/wp-json\/wp\/v2\/media\/8170"}],"wp:attachment":[{"href":"https:\/\/develop.eam-scientific.com\/tr\/wp-json\/wp\/v2\/media?parent=11740"}],"wp:term":[{"taxonomy":"product_cat","embeddable":true,"href":"https:\/\/develop.eam-scientific.com\/tr\/wp-json\/wp\/v2\/product_cat?post=11740"},{"taxonomy":"product_tag","embeddable":true,"href":"https:\/\/develop.eam-scientific.com\/tr\/wp-json\/wp\/v2\/product_tag?post=11740"}],"curies":[{"name":"wp","href":"https:\/\/api.w.org\/{rel}","templated":true}]}}