{"id":11743,"date":"2024-06-20T14:53:00","date_gmt":"2024-06-20T12:53:00","guid":{"rendered":"http:\/\/develop.eam-scientific.com\/produkt\/spe-kolonu-chromabond-wax-30-%c2%b5m-3-ml-200-mg\/"},"modified":"2024-06-28T10:09:53","modified_gmt":"2024-06-28T08:09:53","slug":"spe-kolonu-chromabond-wax-30-%c2%b5m-3-ml-200-mg","status":"publish","type":"product","link":"https:\/\/develop.eam-scientific.com\/tr\/produkt\/spe-kolonu-chromabond-wax-30-%c2%b5m-3-ml-200-mg\/","title":{"rendered":"SPE kolonu, CHROMABOND WAX, 30 \u00b5m, 3 mL\/200 mg"},"content":{"rendered":"<p>Kat\u0131 faz ekstraksiyonunda en y\u00fcksek talepler i\u00e7in modern k\u00fcresel polimer. Zay\u0131f anyon de\u011fi\u015fimi ve RP \u00f6zelliklerine (WAX) sahip kar\u0131\u015f\u0131k modlu SPE i\u00e7in ikincil ve \u00fc\u00e7\u00fcnc\u00fcl amonyum modifikasyonlu PS\/DVB kopolimeri. De\u011fi\u015fim kapasitesi \u2265 0,8 meq\/g, pKs 6 + 9. \u0130deal ak\u0131\u015f \u00f6zelliklerine sahip y\u00fcksek safl\u0131kta malzeme ve optimize edilmi\u015f \u00fcretim s\u00fcreci sayesinde son derece d\u00fc\u015f\u00fck blank de\u011ferleri ile maksimum tekrarlanabilirlik sa\u011flar. PFAS analizi i\u00e7in \u00f6zellikle uygundur, \u00f6rne\u011fin EPA 533, Taslak 1633 ve ISO 21675:2019&#8217;a g\u00f6re.<\/p>\n","protected":false},"excerpt":{"rendered":"<p>Kat\u0131 faz ekstraksiyonunda en y\u00fcksek talepler i\u00e7in modern k\u00fcresel polimer. Zay\u0131f anyon de\u011fi\u015fimi ve RP \u00f6zelliklerine (WAX) sahip kar\u0131\u015f\u0131k modlu SPE i\u00e7in ikincil ve \u00fc\u00e7\u00fcnc\u00fcl amonyum modifikasyonlu PS\/DVB kopolimeri. De\u011fi\u015fim kapasitesi \u2265 0,8 meq\/g, pKs 6 + 9. \u0130deal ak\u0131\u015f \u00f6zelliklerine sahip y\u00fcksek safl\u0131kta malzeme ve optimize edilmi\u015f \u00fcretim s\u00fcreci sayesinde son derece d\u00fc\u015f\u00fck blank [&hellip;]<\/p>\n","protected":false},"featured_media":8164,"comment_status":"open","ping_status":"closed","template":"","meta":[],"product_cat":[68,67,69],"product_tag":[],"class_list":{"0":"post-11743","1":"product","2":"type-product","3":"status-publish","4":"has-post-thumbnail","6":"product_cat-kati-faz-ekstraksiyonu-spe","7":"product_cat-kromatografi","8":"product_cat-spe-kolonlari","10":"first","11":"instock","12":"shipping-taxable","13":"product-type-simple"},"_links":{"self":[{"href":"https:\/\/develop.eam-scientific.com\/tr\/wp-json\/wp\/v2\/product\/11743","targetHints":{"allow":["GET"]}}],"collection":[{"href":"https:\/\/develop.eam-scientific.com\/tr\/wp-json\/wp\/v2\/product"}],"about":[{"href":"https:\/\/develop.eam-scientific.com\/tr\/wp-json\/wp\/v2\/types\/product"}],"replies":[{"embeddable":true,"href":"https:\/\/develop.eam-scientific.com\/tr\/wp-json\/wp\/v2\/comments?post=11743"}],"wp:featuredmedia":[{"embeddable":true,"href":"https:\/\/develop.eam-scientific.com\/tr\/wp-json\/wp\/v2\/media\/8164"}],"wp:attachment":[{"href":"https:\/\/develop.eam-scientific.com\/tr\/wp-json\/wp\/v2\/media?parent=11743"}],"wp:term":[{"taxonomy":"product_cat","embeddable":true,"href":"https:\/\/develop.eam-scientific.com\/tr\/wp-json\/wp\/v2\/product_cat?post=11743"},{"taxonomy":"product_tag","embeddable":true,"href":"https:\/\/develop.eam-scientific.com\/tr\/wp-json\/wp\/v2\/product_tag?post=11743"}],"curies":[{"name":"wp","href":"https:\/\/api.w.org\/{rel}","templated":true}]}}