{"id":11749,"date":"2024-06-20T14:52:51","date_gmt":"2024-06-20T12:52:51","guid":{"rendered":"http:\/\/develop.eam-scientific.com\/produkt\/spe-kolonu-chromabond-abc18-45-%c2%b5m-6-ml-500-mg\/"},"modified":"2024-06-28T10:09:02","modified_gmt":"2024-06-28T08:09:02","slug":"spe-kolonu-chromabond-abc18-45-%c2%b5m-6-ml-500-mg","status":"publish","type":"product","link":"https:\/\/develop.eam-scientific.com\/tr\/produkt\/spe-kolonu-chromabond-abc18-45-%c2%b5m-6-ml-500-mg\/","title":{"rendered":"SPE kolonu, CHROMABOND ABC18, 45 \u00b5m, 6 mL\/500 mg"},"content":{"rendered":"<p>Patates cipsi ve di\u011fer at\u0131\u015ft\u0131rmal\u0131klar, patates k\u0131zartmas\u0131, gevrek ekmek ve tah\u0131llar gibi y\u00fcksek derecede \u0131s\u0131t\u0131lm\u0131\u015f ni\u015fastal\u0131 g\u0131dalardan akrilamidin SPE analizi i\u00e7in \u00f6zel faz. Minimum 70 \u00b5g\/kg akrilamid konsantrasyonu olmal\u0131d\u0131r. Konsantrasyon burada ger\u00e7ekle\u015fmez.<\/p>\n","protected":false},"excerpt":{"rendered":"<p>Patates cipsi ve di\u011fer at\u0131\u015ft\u0131rmal\u0131klar, patates k\u0131zartmas\u0131, gevrek ekmek ve tah\u0131llar gibi y\u00fcksek derecede \u0131s\u0131t\u0131lm\u0131\u015f ni\u015fastal\u0131 g\u0131dalardan akrilamidin SPE analizi i\u00e7in \u00f6zel faz. Minimum 70 \u00b5g\/kg akrilamid konsantrasyonu olmal\u0131d\u0131r. Konsantrasyon burada ger\u00e7ekle\u015fmez.<\/p>\n","protected":false},"featured_media":8156,"comment_status":"open","ping_status":"closed","template":"","meta":[],"product_cat":[68,67,69],"product_tag":[],"class_list":{"0":"post-11749","1":"product","2":"type-product","3":"status-publish","4":"has-post-thumbnail","6":"product_cat-kati-faz-ekstraksiyonu-spe","7":"product_cat-kromatografi","8":"product_cat-spe-kolonlari","10":"first","11":"instock","12":"shipping-taxable","13":"product-type-simple"},"_links":{"self":[{"href":"https:\/\/develop.eam-scientific.com\/tr\/wp-json\/wp\/v2\/product\/11749","targetHints":{"allow":["GET"]}}],"collection":[{"href":"https:\/\/develop.eam-scientific.com\/tr\/wp-json\/wp\/v2\/product"}],"about":[{"href":"https:\/\/develop.eam-scientific.com\/tr\/wp-json\/wp\/v2\/types\/product"}],"replies":[{"embeddable":true,"href":"https:\/\/develop.eam-scientific.com\/tr\/wp-json\/wp\/v2\/comments?post=11749"}],"wp:featuredmedia":[{"embeddable":true,"href":"https:\/\/develop.eam-scientific.com\/tr\/wp-json\/wp\/v2\/media\/8156"}],"wp:attachment":[{"href":"https:\/\/develop.eam-scientific.com\/tr\/wp-json\/wp\/v2\/media?parent=11749"}],"wp:term":[{"taxonomy":"product_cat","embeddable":true,"href":"https:\/\/develop.eam-scientific.com\/tr\/wp-json\/wp\/v2\/product_cat?post=11749"},{"taxonomy":"product_tag","embeddable":true,"href":"https:\/\/develop.eam-scientific.com\/tr\/wp-json\/wp\/v2\/product_tag?post=11749"}],"curies":[{"name":"wp","href":"https:\/\/api.w.org\/{rel}","templated":true}]}}