{"id":11761,"date":"2024-06-20T14:52:51","date_gmt":"2024-06-20T12:52:51","guid":{"rendered":"http:\/\/develop.eam-scientific.com\/produkt\/spe-kolonu-chromabond-c18-f-100-%c2%b5m-6-ml-500-mg\/"},"modified":"2024-06-28T10:09:06","modified_gmt":"2024-06-28T08:09:06","slug":"spe-kolonu-chromabond-c18-f-100-%c2%b5m-6-ml-500-mg","status":"publish","type":"product","link":"https:\/\/develop.eam-scientific.com\/tr\/produkt\/spe-kolonu-chromabond-c18-f-100-%c2%b5m-6-ml-500-mg\/","title":{"rendered":"SPE kolonu, CHROMABOND C18 f, 100 \u00b5m, 6 mL\/500 mg"},"content":{"rendered":"<p>Silika jel bazl\u0131 oktadesil faz, u\u00e7 kapakl\u0131 de\u011fil. Bu, \u00e7e\u015fitli organik bile\u015fiklerle hidrofobik etkile\u015fimler i\u00e7in klasik ve yayg\u0131n olarak kullan\u0131lan polar olmayan bir malzemedir.<\/p>\n","protected":false},"excerpt":{"rendered":"<p>Silika jel bazl\u0131 oktadesil faz, u\u00e7 kapakl\u0131 de\u011fil. Bu, \u00e7e\u015fitli organik bile\u015fiklerle hidrofobik etkile\u015fimler i\u00e7in klasik ve yayg\u0131n olarak kullan\u0131lan polar olmayan bir malzemedir.<\/p>\n","protected":false},"featured_media":8150,"comment_status":"open","ping_status":"closed","template":"","meta":[],"product_cat":[68,67,69],"product_tag":[],"class_list":{"0":"post-11761","1":"product","2":"type-product","3":"status-publish","4":"has-post-thumbnail","6":"product_cat-kati-faz-ekstraksiyonu-spe","7":"product_cat-kromatografi","8":"product_cat-spe-kolonlari","10":"first","11":"instock","12":"shipping-taxable","13":"product-type-simple"},"_links":{"self":[{"href":"https:\/\/develop.eam-scientific.com\/tr\/wp-json\/wp\/v2\/product\/11761","targetHints":{"allow":["GET"]}}],"collection":[{"href":"https:\/\/develop.eam-scientific.com\/tr\/wp-json\/wp\/v2\/product"}],"about":[{"href":"https:\/\/develop.eam-scientific.com\/tr\/wp-json\/wp\/v2\/types\/product"}],"replies":[{"embeddable":true,"href":"https:\/\/develop.eam-scientific.com\/tr\/wp-json\/wp\/v2\/comments?post=11761"}],"wp:featuredmedia":[{"embeddable":true,"href":"https:\/\/develop.eam-scientific.com\/tr\/wp-json\/wp\/v2\/media\/8150"}],"wp:attachment":[{"href":"https:\/\/develop.eam-scientific.com\/tr\/wp-json\/wp\/v2\/media?parent=11761"}],"wp:term":[{"taxonomy":"product_cat","embeddable":true,"href":"https:\/\/develop.eam-scientific.com\/tr\/wp-json\/wp\/v2\/product_cat?post=11761"},{"taxonomy":"product_tag","embeddable":true,"href":"https:\/\/develop.eam-scientific.com\/tr\/wp-json\/wp\/v2\/product_tag?post=11761"}],"curies":[{"name":"wp","href":"https:\/\/api.w.org\/{rel}","templated":true}]}}