{"id":11771,"date":"2024-06-20T14:52:30","date_gmt":"2024-06-20T12:52:30","guid":{"rendered":"http:\/\/develop.eam-scientific.com\/produkt\/spe-kolonu-chromabond-sb-45-%c2%b5m-6-ml-1000-mg\/"},"modified":"2024-06-28T10:09:11","modified_gmt":"2024-06-28T08:09:11","slug":"spe-kolonu-chromabond-sb-45-%c2%b5m-6-ml-1000-mg","status":"publish","type":"product","link":"https:\/\/develop.eam-scientific.com\/tr\/produkt\/spe-kolonu-chromabond-sb-45-%c2%b5m-6-ml-1000-mg\/","title":{"rendered":"SPE kolonu, CHROMABOND SB, 45 \u00b5m, 6 mL\/1000 mg"},"content":{"rendered":"<p>Kuaterner aminler ile modifiye edilmi\u015f silika jel, kuvvetli bazik anyon de\u011fi\u015ftirici (SAX). Kapasite ~ 0,3 meq\/g. S\u00fclfonik asitler gibi \u00e7ok g\u00fc\u00e7l\u00fc anyonlar i\u00e7in uygun de\u011fildir, \u00e7\u00fcnk\u00fc bunlar\u0131n el\u00fce edilmesi zordur.<\/p>\n","protected":false},"excerpt":{"rendered":"<p>Kuaterner aminler ile modifiye edilmi\u015f silika jel, kuvvetli bazik anyon de\u011fi\u015ftirici (SAX). Kapasite ~ 0,3 meq\/g. S\u00fclfonik asitler gibi \u00e7ok g\u00fc\u00e7l\u00fc anyonlar i\u00e7in uygun de\u011fildir, \u00e7\u00fcnk\u00fc bunlar\u0131n el\u00fce edilmesi zordur.<\/p>\n","protected":false},"featured_media":8140,"comment_status":"open","ping_status":"closed","template":"","meta":[],"product_cat":[68,67,69],"product_tag":[],"class_list":{"0":"post-11771","1":"product","2":"type-product","3":"status-publish","4":"has-post-thumbnail","6":"product_cat-kati-faz-ekstraksiyonu-spe","7":"product_cat-kromatografi","8":"product_cat-spe-kolonlari","10":"first","11":"instock","12":"shipping-taxable","13":"product-type-simple"},"_links":{"self":[{"href":"https:\/\/develop.eam-scientific.com\/tr\/wp-json\/wp\/v2\/product\/11771","targetHints":{"allow":["GET"]}}],"collection":[{"href":"https:\/\/develop.eam-scientific.com\/tr\/wp-json\/wp\/v2\/product"}],"about":[{"href":"https:\/\/develop.eam-scientific.com\/tr\/wp-json\/wp\/v2\/types\/product"}],"replies":[{"embeddable":true,"href":"https:\/\/develop.eam-scientific.com\/tr\/wp-json\/wp\/v2\/comments?post=11771"}],"wp:featuredmedia":[{"embeddable":true,"href":"https:\/\/develop.eam-scientific.com\/tr\/wp-json\/wp\/v2\/media\/8140"}],"wp:attachment":[{"href":"https:\/\/develop.eam-scientific.com\/tr\/wp-json\/wp\/v2\/media?parent=11771"}],"wp:term":[{"taxonomy":"product_cat","embeddable":true,"href":"https:\/\/develop.eam-scientific.com\/tr\/wp-json\/wp\/v2\/product_cat?post=11771"},{"taxonomy":"product_tag","embeddable":true,"href":"https:\/\/develop.eam-scientific.com\/tr\/wp-json\/wp\/v2\/product_tag?post=11771"}],"curies":[{"name":"wp","href":"https:\/\/api.w.org\/{rel}","templated":true}]}}