{"id":11772,"date":"2024-06-20T14:52:30","date_gmt":"2024-06-20T12:52:30","guid":{"rendered":"http:\/\/develop.eam-scientific.com\/produkt\/spe-lv-kolon-chromabond-hr-p-50-100-%c2%b5m-15-ml-200-mg\/"},"modified":"2024-06-28T10:09:16","modified_gmt":"2024-06-28T08:09:16","slug":"spe-lv-kolon-chromabond-hr-p-50-100-%c2%b5m-15-ml-200-mg","status":"publish","type":"product","link":"https:\/\/develop.eam-scientific.com\/tr\/produkt\/spe-lv-kolon-chromabond-hr-p-50-100-%c2%b5m-15-ml-200-mg\/","title":{"rendered":"SPE LV kolon, CHROMABOND HR-P, 50-100 \u00b5m, 15 mL\/200 mg"},"content":{"rendered":"<p>HR-P SPE faz\u0131, kat\u0131 faz ekstraksiyonu i\u00e7in olduk\u00e7a g\u00f6zenekli bir polistiren-divinilbenzen kopolimeridir. \u00c7ok y\u00fcksek bir spesifik y\u00fczey alan\u0131na sahiptir.<\/p>\n","protected":false},"excerpt":{"rendered":"<p>HR-P SPE faz\u0131, kat\u0131 faz ekstraksiyonu i\u00e7in olduk\u00e7a g\u00f6zenekli bir polistiren-divinilbenzen kopolimeridir. \u00c7ok y\u00fcksek bir spesifik y\u00fczey alan\u0131na sahiptir.<\/p>\n","protected":false},"featured_media":8134,"comment_status":"open","ping_status":"closed","template":"","meta":[],"product_cat":[68,67,69],"product_tag":[],"class_list":{"0":"post-11772","1":"product","2":"type-product","3":"status-publish","4":"has-post-thumbnail","6":"product_cat-kati-faz-ekstraksiyonu-spe","7":"product_cat-kromatografi","8":"product_cat-spe-kolonlari","10":"first","11":"instock","12":"shipping-taxable","13":"product-type-simple"},"_links":{"self":[{"href":"https:\/\/develop.eam-scientific.com\/tr\/wp-json\/wp\/v2\/product\/11772","targetHints":{"allow":["GET"]}}],"collection":[{"href":"https:\/\/develop.eam-scientific.com\/tr\/wp-json\/wp\/v2\/product"}],"about":[{"href":"https:\/\/develop.eam-scientific.com\/tr\/wp-json\/wp\/v2\/types\/product"}],"replies":[{"embeddable":true,"href":"https:\/\/develop.eam-scientific.com\/tr\/wp-json\/wp\/v2\/comments?post=11772"}],"wp:featuredmedia":[{"embeddable":true,"href":"https:\/\/develop.eam-scientific.com\/tr\/wp-json\/wp\/v2\/media\/8134"}],"wp:attachment":[{"href":"https:\/\/develop.eam-scientific.com\/tr\/wp-json\/wp\/v2\/media?parent=11772"}],"wp:term":[{"taxonomy":"product_cat","embeddable":true,"href":"https:\/\/develop.eam-scientific.com\/tr\/wp-json\/wp\/v2\/product_cat?post=11772"},{"taxonomy":"product_tag","embeddable":true,"href":"https:\/\/develop.eam-scientific.com\/tr\/wp-json\/wp\/v2\/product_tag?post=11772"}],"curies":[{"name":"wp","href":"https:\/\/api.w.org\/{rel}","templated":true}]}}