{"id":11801,"date":"2024-06-20T14:52:09","date_gmt":"2024-06-20T12:52:09","guid":{"rendered":"http:\/\/develop.eam-scientific.com\/produkt\/spe-kolonu-chromabond-carbon-a-6-ml-1-g\/"},"modified":"2024-06-28T10:06:46","modified_gmt":"2024-06-28T08:06:46","slug":"spe-kolonu-chromabond-carbon-a-6-ml-1-g","status":"publish","type":"product","link":"https:\/\/develop.eam-scientific.com\/tr\/produkt\/spe-kolonu-chromabond-carbon-a-6-ml-1-g\/","title":{"rendered":"SPE kolonu, CHROMABOND Carbon A, 6 mL\/1 g"},"content":{"rendered":"<p>DIN 38413-6&#8217;ya g\u00f6re akrilamidin sudan zenginle\u015ftirilmesi i\u00e7in kat\u0131 faz ekstraksiyonuna y\u00f6nelik \u00f6zel SPE faz\u0131.<\/p>\n","protected":false},"excerpt":{"rendered":"<p>DIN 38413-6&#8217;ya g\u00f6re akrilamidin sudan zenginle\u015ftirilmesi i\u00e7in kat\u0131 faz ekstraksiyonuna y\u00f6nelik \u00f6zel SPE faz\u0131.<\/p>\n","protected":false},"featured_media":8110,"comment_status":"open","ping_status":"closed","template":"","meta":[],"product_cat":[68,67,69],"product_tag":[],"class_list":{"0":"post-11801","1":"product","2":"type-product","3":"status-publish","4":"has-post-thumbnail","6":"product_cat-kati-faz-ekstraksiyonu-spe","7":"product_cat-kromatografi","8":"product_cat-spe-kolonlari","10":"first","11":"instock","12":"shipping-taxable","13":"product-type-simple"},"_links":{"self":[{"href":"https:\/\/develop.eam-scientific.com\/tr\/wp-json\/wp\/v2\/product\/11801","targetHints":{"allow":["GET"]}}],"collection":[{"href":"https:\/\/develop.eam-scientific.com\/tr\/wp-json\/wp\/v2\/product"}],"about":[{"href":"https:\/\/develop.eam-scientific.com\/tr\/wp-json\/wp\/v2\/types\/product"}],"replies":[{"embeddable":true,"href":"https:\/\/develop.eam-scientific.com\/tr\/wp-json\/wp\/v2\/comments?post=11801"}],"wp:featuredmedia":[{"embeddable":true,"href":"https:\/\/develop.eam-scientific.com\/tr\/wp-json\/wp\/v2\/media\/8110"}],"wp:attachment":[{"href":"https:\/\/develop.eam-scientific.com\/tr\/wp-json\/wp\/v2\/media?parent=11801"}],"wp:term":[{"taxonomy":"product_cat","embeddable":true,"href":"https:\/\/develop.eam-scientific.com\/tr\/wp-json\/wp\/v2\/product_cat?post=11801"},{"taxonomy":"product_tag","embeddable":true,"href":"https:\/\/develop.eam-scientific.com\/tr\/wp-json\/wp\/v2\/product_tag?post=11801"}],"curies":[{"name":"wp","href":"https:\/\/api.w.org\/{rel}","templated":true}]}}