{"id":11835,"date":"2024-06-20T14:51:51","date_gmt":"2024-06-20T12:51:51","guid":{"rendered":"http:\/\/develop.eam-scientific.com\/produkt\/spe-kolonu-chromabond-sa-45-%c2%b5m-1-ml-100-mg\/"},"modified":"2024-06-28T10:07:01","modified_gmt":"2024-06-28T08:07:01","slug":"spe-kolonu-chromabond-sa-45-%c2%b5m-1-ml-100-mg","status":"publish","type":"product","link":"https:\/\/develop.eam-scientific.com\/tr\/produkt\/spe-kolonu-chromabond-sa-45-%c2%b5m-1-ml-100-mg\/","title":{"rendered":"SPE kolonu, CHROMABOND SA, 45 \u00b5m, 1 mL\/100 mg"},"content":{"rendered":"<p>Benzens\u00fclfonik asit ile modifiye edilmi\u015f silika jel, g\u00fc\u00e7l\u00fc asidik katyon de\u011fi\u015ftirici (SCX). Kapasite ~ 0,5 meq\/g, hidrofobik ve \u03c0-\u03c0-\u03c0 etkile\u015fimli adsorban (benzen halkas\u0131), organik bile\u015fiklerin sulu matriksten iyon de\u011fi\u015fimi, iyonik ve polar olmayan etkile\u015fimleri telafi eden \u00e7\u00f6z\u00fcc\u00fc sistemleriyle istenen bile\u015fiklerin el\u00fcsyonu, \u00f6rn. metanol-HCl.<\/p>\n","protected":false},"excerpt":{"rendered":"<p>Benzens\u00fclfonik asit ile modifiye edilmi\u015f silika jel, g\u00fc\u00e7l\u00fc asidik katyon de\u011fi\u015ftirici (SCX). Kapasite ~ 0,5 meq\/g, hidrofobik ve \u03c0-\u03c0-\u03c0 etkile\u015fimli adsorban (benzen halkas\u0131), organik bile\u015fiklerin sulu matriksten iyon de\u011fi\u015fimi, iyonik ve polar olmayan etkile\u015fimleri telafi eden \u00e7\u00f6z\u00fcc\u00fc sistemleriyle istenen bile\u015fiklerin el\u00fcsyonu, \u00f6rn. metanol-HCl.<\/p>\n","protected":false},"featured_media":8068,"comment_status":"open","ping_status":"closed","template":"","meta":[],"product_cat":[68,67,69],"product_tag":[],"class_list":{"0":"post-11835","1":"product","2":"type-product","3":"status-publish","4":"has-post-thumbnail","6":"product_cat-kati-faz-ekstraksiyonu-spe","7":"product_cat-kromatografi","8":"product_cat-spe-kolonlari","10":"first","11":"instock","12":"shipping-taxable","13":"product-type-simple"},"_links":{"self":[{"href":"https:\/\/develop.eam-scientific.com\/tr\/wp-json\/wp\/v2\/product\/11835","targetHints":{"allow":["GET"]}}],"collection":[{"href":"https:\/\/develop.eam-scientific.com\/tr\/wp-json\/wp\/v2\/product"}],"about":[{"href":"https:\/\/develop.eam-scientific.com\/tr\/wp-json\/wp\/v2\/types\/product"}],"replies":[{"embeddable":true,"href":"https:\/\/develop.eam-scientific.com\/tr\/wp-json\/wp\/v2\/comments?post=11835"}],"wp:featuredmedia":[{"embeddable":true,"href":"https:\/\/develop.eam-scientific.com\/tr\/wp-json\/wp\/v2\/media\/8068"}],"wp:attachment":[{"href":"https:\/\/develop.eam-scientific.com\/tr\/wp-json\/wp\/v2\/media?parent=11835"}],"wp:term":[{"taxonomy":"product_cat","embeddable":true,"href":"https:\/\/develop.eam-scientific.com\/tr\/wp-json\/wp\/v2\/product_cat?post=11835"},{"taxonomy":"product_tag","embeddable":true,"href":"https:\/\/develop.eam-scientific.com\/tr\/wp-json\/wp\/v2\/product_tag?post=11835"}],"curies":[{"name":"wp","href":"https:\/\/api.w.org\/{rel}","templated":true}]}}