{"id":11836,"date":"2024-06-20T14:51:51","date_gmt":"2024-06-20T12:51:51","guid":{"rendered":"http:\/\/develop.eam-scientific.com\/produkt\/spe-kolonu-lle-sle-chromabond-xtr-70-ml-14500-mg\/"},"modified":"2024-06-28T10:06:59","modified_gmt":"2024-06-28T08:06:59","slug":"spe-kolonu-lle-sle-chromabond-xtr-70-ml-14500-mg","status":"publish","type":"product","link":"https:\/\/develop.eam-scientific.com\/tr\/produkt\/spe-kolonu-lle-sle-chromabond-xtr-70-ml-14500-mg\/","title":{"rendered":"SPE kolonu (LLE\/SLE), CHROMABOND XTR, 70 mL\/14500 mg"},"content":{"rendered":"<p>LLE\/SLE faz\u0131 CHROMABOND XTR, birka\u00e7 numunenin ayn\u0131 anda haz\u0131rlanmas\u0131 i\u00e7in diyatomlu topraktan (diyatomlu toprak, hidromatriks, selit olarak da bilinir) yap\u0131lm\u0131\u015ft\u0131r. Faz ayr\u0131\u015fmas\u0131 ve em\u00fclsiyon olu\u015fumu ile ilgili sorun ya\u015fanmaz. Organik \u00e7\u00f6zeltilerin ay\u0131rma i\u015fleminden sonra kurutulmas\u0131na gerek yoktur. CHROMABOND XTR y\u00fcksek geri kazan\u0131m oranlar\u0131 sunar.<\/p>\n","protected":false},"excerpt":{"rendered":"<p>LLE\/SLE faz\u0131 CHROMABOND XTR, birka\u00e7 numunenin ayn\u0131 anda haz\u0131rlanmas\u0131 i\u00e7in diyatomlu topraktan (diyatomlu toprak, hidromatriks, selit olarak da bilinir) yap\u0131lm\u0131\u015ft\u0131r. Faz ayr\u0131\u015fmas\u0131 ve em\u00fclsiyon olu\u015fumu ile ilgili sorun ya\u015fanmaz. Organik \u00e7\u00f6zeltilerin ay\u0131rma i\u015fleminden sonra kurutulmas\u0131na gerek yoktur. CHROMABOND XTR y\u00fcksek geri kazan\u0131m oranlar\u0131 sunar.<\/p>\n","protected":false},"featured_media":15404,"comment_status":"open","ping_status":"closed","template":"","meta":[],"product_cat":[68,67,69],"product_tag":[],"class_list":{"0":"post-11836","1":"product","2":"type-product","3":"status-publish","4":"has-post-thumbnail","6":"product_cat-kati-faz-ekstraksiyonu-spe","7":"product_cat-kromatografi","8":"product_cat-spe-kolonlari","10":"first","11":"instock","12":"shipping-taxable","13":"product-type-simple"},"_links":{"self":[{"href":"https:\/\/develop.eam-scientific.com\/tr\/wp-json\/wp\/v2\/product\/11836","targetHints":{"allow":["GET"]}}],"collection":[{"href":"https:\/\/develop.eam-scientific.com\/tr\/wp-json\/wp\/v2\/product"}],"about":[{"href":"https:\/\/develop.eam-scientific.com\/tr\/wp-json\/wp\/v2\/types\/product"}],"replies":[{"embeddable":true,"href":"https:\/\/develop.eam-scientific.com\/tr\/wp-json\/wp\/v2\/comments?post=11836"}],"wp:featuredmedia":[{"embeddable":true,"href":"https:\/\/develop.eam-scientific.com\/tr\/wp-json\/wp\/v2\/media\/15404"}],"wp:attachment":[{"href":"https:\/\/develop.eam-scientific.com\/tr\/wp-json\/wp\/v2\/media?parent=11836"}],"wp:term":[{"taxonomy":"product_cat","embeddable":true,"href":"https:\/\/develop.eam-scientific.com\/tr\/wp-json\/wp\/v2\/product_cat?post=11836"},{"taxonomy":"product_tag","embeddable":true,"href":"https:\/\/develop.eam-scientific.com\/tr\/wp-json\/wp\/v2\/product_tag?post=11836"}],"curies":[{"name":"wp","href":"https:\/\/api.w.org\/{rel}","templated":true}]}}