{"id":11875,"date":"2024-06-20T14:51:08","date_gmt":"2024-06-20T12:51:08","guid":{"rendered":"http:\/\/develop.eam-scientific.com\/produkt\/spe-cam-kolon-chromabond-nan-6-ml-700-2000-700-mg\/"},"modified":"2024-06-28T10:07:08","modified_gmt":"2024-06-28T08:07:08","slug":"spe-cam-kolon-chromabond-nan-6-ml-700-2000-700-mg","status":"publish","type":"product","link":"https:\/\/develop.eam-scientific.com\/tr\/produkt\/spe-cam-kolon-chromabond-nan-6-ml-700-2000-700-mg\/","title":{"rendered":"SPE kolonu, CHROMABOND NAN, 6 mL\/700\/2000\/700 mg"},"content":{"rendered":"<p>Ar\u0131tma \u00e7amurundan PCB&#8217;lerin SPE analizi i\u00e7in \u00f6zel faz. Su izlerini gidermek i\u00e7in sodyum s\u00fclfat (N) ve s\u00fclf\u00fcr, s\u00fclf\u00fcr i\u00e7eren ve polar bile\u015fikleri ay\u0131rmak i\u00e7in SiOH\/AgNO\u2083 (A) faz\u0131 kombinasyonu.<\/p>\n","protected":false},"excerpt":{"rendered":"<p>Ar\u0131tma \u00e7amurundan PCB&#8217;lerin SPE analizi i\u00e7in \u00f6zel faz. Su izlerini gidermek i\u00e7in sodyum s\u00fclfat (N) ve s\u00fclf\u00fcr, s\u00fclf\u00fcr i\u00e7eren ve polar bile\u015fikleri ay\u0131rmak i\u00e7in SiOH\/AgNO\u2083 (A) faz\u0131 kombinasyonu.<\/p>\n","protected":false},"featured_media":15368,"comment_status":"open","ping_status":"closed","template":"","meta":[],"product_cat":[68,67,69],"product_tag":[],"class_list":{"0":"post-11875","1":"product","2":"type-product","3":"status-publish","4":"has-post-thumbnail","6":"product_cat-kati-faz-ekstraksiyonu-spe","7":"product_cat-kromatografi","8":"product_cat-spe-kolonlari","10":"first","11":"instock","12":"shipping-taxable","13":"product-type-simple"},"_links":{"self":[{"href":"https:\/\/develop.eam-scientific.com\/tr\/wp-json\/wp\/v2\/product\/11875","targetHints":{"allow":["GET"]}}],"collection":[{"href":"https:\/\/develop.eam-scientific.com\/tr\/wp-json\/wp\/v2\/product"}],"about":[{"href":"https:\/\/develop.eam-scientific.com\/tr\/wp-json\/wp\/v2\/types\/product"}],"replies":[{"embeddable":true,"href":"https:\/\/develop.eam-scientific.com\/tr\/wp-json\/wp\/v2\/comments?post=11875"}],"wp:featuredmedia":[{"embeddable":true,"href":"https:\/\/develop.eam-scientific.com\/tr\/wp-json\/wp\/v2\/media\/15368"}],"wp:attachment":[{"href":"https:\/\/develop.eam-scientific.com\/tr\/wp-json\/wp\/v2\/media?parent=11875"}],"wp:term":[{"taxonomy":"product_cat","embeddable":true,"href":"https:\/\/develop.eam-scientific.com\/tr\/wp-json\/wp\/v2\/product_cat?post=11875"},{"taxonomy":"product_tag","embeddable":true,"href":"https:\/\/develop.eam-scientific.com\/tr\/wp-json\/wp\/v2\/product_tag?post=11875"}],"curies":[{"name":"wp","href":"https:\/\/api.w.org\/{rel}","templated":true}]}}