{"id":11876,"date":"2024-06-20T14:51:30","date_gmt":"2024-06-20T12:51:30","guid":{"rendered":"http:\/\/develop.eam-scientific.com\/produkt\/spe-kolonu-chromabond-sa-sioh-45-%c2%b5m-3-ml-500-500-mg\/"},"modified":"2024-06-28T10:07:19","modified_gmt":"2024-06-28T08:07:19","slug":"spe-kolonu-chromabond-sa-sioh-45-%c2%b5m-3-ml-500-500-mg","status":"publish","type":"product","link":"https:\/\/develop.eam-scientific.com\/tr\/produkt\/spe-kolonu-chromabond-sa-sioh-45-%c2%b5m-3-ml-500-500-mg\/","title":{"rendered":"SPE kolonu, CHROMABOND SA\/SiOH, 45 \u00b5m, 3 mL\/500\/500 mg"},"content":{"rendered":"<p>At\u0131k ya\u011fdan PCB&#8217;lerin SPE analizi i\u00e7in \u00f6zel faz. \u0130yonik bile\u015fiklerin ayr\u0131lmas\u0131 i\u00e7in benzens\u00fclfonik asit modifikasyonlu g\u00fc\u00e7l\u00fc asidik silika jel bazl\u0131 katyon de\u011fi\u015ftirici (SA) ve polar bile\u015fiklerin ayr\u0131lmas\u0131 i\u00e7in modifiye edilmemi\u015f silika jel (SiOH) kombinasyonu.<\/p>\n","protected":false},"excerpt":{"rendered":"<p>At\u0131k ya\u011fdan PCB&#8217;lerin SPE analizi i\u00e7in \u00f6zel faz. \u0130yonik bile\u015fiklerin ayr\u0131lmas\u0131 i\u00e7in benzens\u00fclfonik asit modifikasyonlu g\u00fc\u00e7l\u00fc asidik silika jel bazl\u0131 katyon de\u011fi\u015ftirici (SA) ve polar bile\u015fiklerin ayr\u0131lmas\u0131 i\u00e7in modifiye edilmemi\u015f silika jel (SiOH) kombinasyonu.<\/p>\n","protected":false},"featured_media":15425,"comment_status":"open","ping_status":"closed","template":"","meta":[],"product_cat":[68,67,69],"product_tag":[],"class_list":{"0":"post-11876","1":"product","2":"type-product","3":"status-publish","4":"has-post-thumbnail","6":"product_cat-kati-faz-ekstraksiyonu-spe","7":"product_cat-kromatografi","8":"product_cat-spe-kolonlari","10":"first","11":"instock","12":"shipping-taxable","13":"product-type-simple"},"_links":{"self":[{"href":"https:\/\/develop.eam-scientific.com\/tr\/wp-json\/wp\/v2\/product\/11876","targetHints":{"allow":["GET"]}}],"collection":[{"href":"https:\/\/develop.eam-scientific.com\/tr\/wp-json\/wp\/v2\/product"}],"about":[{"href":"https:\/\/develop.eam-scientific.com\/tr\/wp-json\/wp\/v2\/types\/product"}],"replies":[{"embeddable":true,"href":"https:\/\/develop.eam-scientific.com\/tr\/wp-json\/wp\/v2\/comments?post=11876"}],"wp:featuredmedia":[{"embeddable":true,"href":"https:\/\/develop.eam-scientific.com\/tr\/wp-json\/wp\/v2\/media\/15425"}],"wp:attachment":[{"href":"https:\/\/develop.eam-scientific.com\/tr\/wp-json\/wp\/v2\/media?parent=11876"}],"wp:term":[{"taxonomy":"product_cat","embeddable":true,"href":"https:\/\/develop.eam-scientific.com\/tr\/wp-json\/wp\/v2\/product_cat?post=11876"},{"taxonomy":"product_tag","embeddable":true,"href":"https:\/\/develop.eam-scientific.com\/tr\/wp-json\/wp\/v2\/product_tag?post=11876"}],"curies":[{"name":"wp","href":"https:\/\/api.w.org\/{rel}","templated":true}]}}