{"id":11887,"date":"2024-06-20T14:51:08","date_gmt":"2024-06-20T12:51:08","guid":{"rendered":"http:\/\/develop.eam-scientific.com\/produkt\/spe-kolonu-chromabond-nh2-c18-45-%c2%b5m-6-ml-500-500-mg\/"},"modified":"2024-06-28T10:07:20","modified_gmt":"2024-06-28T08:07:20","slug":"spe-kolonu-chromabond-nh2-c18-45-%c2%b5m-6-ml-500-500-mg","status":"publish","type":"product","link":"https:\/\/develop.eam-scientific.com\/tr\/produkt\/spe-kolonu-chromabond-nh2-c18-45-%c2%b5m-6-ml-500-500-mg\/","title":{"rendered":"SPE kolonu, CHROMABOND NH2\/C18, 45 \u00b5m, 6 mL\/500\/500 mg"},"content":{"rendered":"<p>H\u00fcmik asit i\u00e7eren su \u00f6rneklerinde PAH&#8217;lar\u0131n (PAH&#8217;lar) SPE analizi i\u00e7in \u00f6zel kombinasyon faz\u0131. Aminopropil (NH2), kar\u0131\u015fan h\u00fcmik asitlerin ayr\u0131lmas\u0131 i\u00e7in ve oktadesil (C18) faz\u0131 PAH&#8217;lar\u0131n zenginle\u015ftirilmesi i\u00e7in kullan\u0131l\u0131r.<\/p>\n","protected":false},"excerpt":{"rendered":"<p>H\u00fcmik asit i\u00e7eren su \u00f6rneklerinde PAH&#8217;lar\u0131n (PAH&#8217;lar) SPE analizi i\u00e7in \u00f6zel kombinasyon faz\u0131. Aminopropil (NH2), kar\u0131\u015fan h\u00fcmik asitlerin ayr\u0131lmas\u0131 i\u00e7in ve oktadesil (C18) faz\u0131 PAH&#8217;lar\u0131n zenginle\u015ftirilmesi i\u00e7in kullan\u0131l\u0131r.<\/p>\n","protected":false},"featured_media":8022,"comment_status":"open","ping_status":"closed","template":"","meta":[],"product_cat":[68,67,69],"product_tag":[],"class_list":{"0":"post-11887","1":"product","2":"type-product","3":"status-publish","4":"has-post-thumbnail","6":"product_cat-kati-faz-ekstraksiyonu-spe","7":"product_cat-kromatografi","8":"product_cat-spe-kolonlari","10":"first","11":"instock","12":"shipping-taxable","13":"product-type-simple"},"_links":{"self":[{"href":"https:\/\/develop.eam-scientific.com\/tr\/wp-json\/wp\/v2\/product\/11887","targetHints":{"allow":["GET"]}}],"collection":[{"href":"https:\/\/develop.eam-scientific.com\/tr\/wp-json\/wp\/v2\/product"}],"about":[{"href":"https:\/\/develop.eam-scientific.com\/tr\/wp-json\/wp\/v2\/types\/product"}],"replies":[{"embeddable":true,"href":"https:\/\/develop.eam-scientific.com\/tr\/wp-json\/wp\/v2\/comments?post=11887"}],"wp:featuredmedia":[{"embeddable":true,"href":"https:\/\/develop.eam-scientific.com\/tr\/wp-json\/wp\/v2\/media\/8022"}],"wp:attachment":[{"href":"https:\/\/develop.eam-scientific.com\/tr\/wp-json\/wp\/v2\/media?parent=11887"}],"wp:term":[{"taxonomy":"product_cat","embeddable":true,"href":"https:\/\/develop.eam-scientific.com\/tr\/wp-json\/wp\/v2\/product_cat?post=11887"},{"taxonomy":"product_tag","embeddable":true,"href":"https:\/\/develop.eam-scientific.com\/tr\/wp-json\/wp\/v2\/product_tag?post=11887"}],"curies":[{"name":"wp","href":"https:\/\/api.w.org\/{rel}","templated":true}]}}