{"id":11894,"date":"2024-06-20T14:59:21","date_gmt":"2024-06-20T12:59:21","guid":{"rendered":"http:\/\/develop.eam-scientific.com\/produkt\/luer-cikisli-tek-kullanimlik-siringalar-polipropilenden-yapilmis-2-ml\/"},"modified":"2024-06-20T14:59:21","modified_gmt":"2024-06-20T12:59:21","slug":"luer-cikisli-tek-kullanimlik-siringalar-polipropilenden-yapilmis-2-ml","status":"publish","type":"product","link":"https:\/\/develop.eam-scientific.com\/tr\/produkt\/luer-cikisli-tek-kullanimlik-siringalar-polipropilenden-yapilmis-2-ml\/","title":{"rendered":"Luer \u00e7\u0131k\u0131\u015fl\u0131 tek kullan\u0131ml\u0131k \u015f\u0131r\u0131ngalar, polipropilenden yap\u0131lm\u0131\u015f, 2 mL"},"content":{"rendered":"<p>Luer u\u00e7lu PP tek kullan\u0131ml\u0131k \u015f\u0131r\u0131ngalar, \u00f6rne\u011fin s\u0131v\u0131lar\u0131n enjekte edilmesi\/dozajlanmas\u0131 i\u00e7in.<\/p>\n","protected":false},"excerpt":{"rendered":"<p>Luer u\u00e7lu PP tek kullan\u0131ml\u0131k \u015f\u0131r\u0131ngalar, \u00f6rne\u011fin s\u0131v\u0131lar\u0131n enjekte edilmesi\/dozajlanmas\u0131 i\u00e7in.<\/p>\n","protected":false},"featured_media":8578,"comment_status":"open","ping_status":"closed","template":"","meta":[],"product_cat":[67,84,85],"product_tag":[],"class_list":{"0":"post-11894","1":"product","2":"type-product","3":"status-publish","4":"has-post-thumbnail","6":"product_cat-kromatografi","7":"product_cat-oernek-filtreleme","8":"product_cat-siringa-filtresi","10":"first","11":"instock","12":"shipping-taxable","13":"product-type-simple"},"_links":{"self":[{"href":"https:\/\/develop.eam-scientific.com\/tr\/wp-json\/wp\/v2\/product\/11894","targetHints":{"allow":["GET"]}}],"collection":[{"href":"https:\/\/develop.eam-scientific.com\/tr\/wp-json\/wp\/v2\/product"}],"about":[{"href":"https:\/\/develop.eam-scientific.com\/tr\/wp-json\/wp\/v2\/types\/product"}],"replies":[{"embeddable":true,"href":"https:\/\/develop.eam-scientific.com\/tr\/wp-json\/wp\/v2\/comments?post=11894"}],"wp:featuredmedia":[{"embeddable":true,"href":"https:\/\/develop.eam-scientific.com\/tr\/wp-json\/wp\/v2\/media\/8578"}],"wp:attachment":[{"href":"https:\/\/develop.eam-scientific.com\/tr\/wp-json\/wp\/v2\/media?parent=11894"}],"wp:term":[{"taxonomy":"product_cat","embeddable":true,"href":"https:\/\/develop.eam-scientific.com\/tr\/wp-json\/wp\/v2\/product_cat?post=11894"},{"taxonomy":"product_tag","embeddable":true,"href":"https:\/\/develop.eam-scientific.com\/tr\/wp-json\/wp\/v2\/product_tag?post=11894"}],"curies":[{"name":"wp","href":"https:\/\/api.w.org\/{rel}","templated":true}]}}