{"id":11901,"date":"2024-06-20T14:59:21","date_gmt":"2024-06-20T12:59:21","guid":{"rendered":"http:\/\/develop.eam-scientific.com\/produkt\/siringa-filtreler-etiketli-chromafil-xtra-pa-045-%c2%b5m\/"},"modified":"2024-06-20T14:59:21","modified_gmt":"2024-06-20T12:59:21","slug":"siringa-filtreler-etiketli-chromafil-xtra-pa-045-%c2%b5m","status":"publish","type":"product","link":"https:\/\/develop.eam-scientific.com\/tr\/produkt\/siringa-filtreler-etiketli-chromafil-xtra-pa-045-%c2%b5m\/","title":{"rendered":"\u015e\u0131r\u0131nga filtreler, etiketli, CHROMAFIL Xtra PA, 0,45 \u00b5m"},"content":{"rendered":"<p>\u015e\u0131r\u0131nga filtresinin i\u00e7inde membran malzemesi olarak poliamid kullan\u0131l\u0131r. Olduk\u00e7a hidrofilik olan PA membran, orta polariteli organik ve sulu s\u0131v\u0131lar\u0131n filtrasyonu i\u00e7in uygundur. Metot validasyonu ve sertifikasyonu i\u00e7in etiketlenmi\u015ftir. T\u00fcm CHROMAFIL filtreleri otoklavlanabilir (121 \u00b0C ve 30 dakika boyunca 1,1 bar)!  <\/p>\n","protected":false},"excerpt":{"rendered":"<p>\u015e\u0131r\u0131nga filtresinin i\u00e7inde membran malzemesi olarak poliamid kullan\u0131l\u0131r. Olduk\u00e7a hidrofilik olan PA membran, orta polariteli organik ve sulu s\u0131v\u0131lar\u0131n filtrasyonu i\u00e7in uygundur. Metot validasyonu ve sertifikasyonu i\u00e7in etiketlenmi\u015ftir. T\u00fcm CHROMAFIL filtreleri otoklavlanabilir (121 \u00b0C ve 30 dakika boyunca 1,1 bar)!<\/p>\n","protected":false},"featured_media":8570,"comment_status":"open","ping_status":"closed","template":"","meta":[],"product_cat":[67,84,85],"product_tag":[],"class_list":{"0":"post-11901","1":"product","2":"type-product","3":"status-publish","4":"has-post-thumbnail","6":"product_cat-kromatografi","7":"product_cat-oernek-filtreleme","8":"product_cat-siringa-filtresi","10":"first","11":"instock","12":"shipping-taxable","13":"product-type-simple"},"_links":{"self":[{"href":"https:\/\/develop.eam-scientific.com\/tr\/wp-json\/wp\/v2\/product\/11901","targetHints":{"allow":["GET"]}}],"collection":[{"href":"https:\/\/develop.eam-scientific.com\/tr\/wp-json\/wp\/v2\/product"}],"about":[{"href":"https:\/\/develop.eam-scientific.com\/tr\/wp-json\/wp\/v2\/types\/product"}],"replies":[{"embeddable":true,"href":"https:\/\/develop.eam-scientific.com\/tr\/wp-json\/wp\/v2\/comments?post=11901"}],"wp:featuredmedia":[{"embeddable":true,"href":"https:\/\/develop.eam-scientific.com\/tr\/wp-json\/wp\/v2\/media\/8570"}],"wp:attachment":[{"href":"https:\/\/develop.eam-scientific.com\/tr\/wp-json\/wp\/v2\/media?parent=11901"}],"wp:term":[{"taxonomy":"product_cat","embeddable":true,"href":"https:\/\/develop.eam-scientific.com\/tr\/wp-json\/wp\/v2\/product_cat?post=11901"},{"taxonomy":"product_tag","embeddable":true,"href":"https:\/\/develop.eam-scientific.com\/tr\/wp-json\/wp\/v2\/product_tag?post=11901"}],"curies":[{"name":"wp","href":"https:\/\/api.w.org\/{rel}","templated":true}]}}