{"id":11914,"date":"2024-06-20T14:58:59","date_gmt":"2024-06-20T12:58:59","guid":{"rendered":"http:\/\/develop.eam-scientific.com\/produkt\/siringa-filtreler-etiketli-chromafil-xtra-ic-045-%c2%b5m\/"},"modified":"2024-06-20T14:58:59","modified_gmt":"2024-06-20T12:58:59","slug":"siringa-filtreler-etiketli-chromafil-xtra-ic-045-%c2%b5m","status":"publish","type":"product","link":"https:\/\/develop.eam-scientific.com\/tr\/produkt\/siringa-filtreler-etiketli-chromafil-xtra-ic-045-%c2%b5m\/","title":{"rendered":"\u015e\u0131r\u0131nga filtreler, etiketli, CHROMAFIL Xtra IC, 0,45 \u00b5m"},"content":{"rendered":"<p>Sulu s\u0131v\u0131lar\u0131n iyon kromatografisi i\u00e7in \u00f6zel filtre. Bo\u015f de\u011ferler &lt; 5 ppb ile optimum sonu\u00e7lar elde etmek i\u00e7in, filtrenin deiyonize su ile \u00f6nceden durulanmas\u0131n\u0131 \u00f6neririz. Metot validasyonu ve sertifikasyonu i\u00e7in etiketlenmi\u015ftir. T\u00fcm CHROMAFIL filtreleri otoklavlanabilir (121 \u00b0C ve 30 dakika boyunca 1,1 bar)!  <\/p>\n","protected":false},"excerpt":{"rendered":"<p>Sulu s\u0131v\u0131lar\u0131n iyon kromatografisi i\u00e7in \u00f6zel filtre. Bo\u015f de\u011ferler &lt; 5 ppb ile optimum sonu\u00e7lar elde etmek i\u00e7in, filtrenin deiyonize su ile \u00f6nceden durulanmas\u0131n\u0131 \u00f6neririz. Metot validasyonu ve sertifikasyonu i\u00e7in etiketlenmi\u015ftir. T\u00fcm CHROMAFIL filtreleri otoklavlanabilir (121 \u00b0C ve 30 dakika boyunca 1,1 bar)!<\/p>\n","protected":false},"featured_media":8558,"comment_status":"open","ping_status":"closed","template":"","meta":[],"product_cat":[67,84,85],"product_tag":[],"class_list":{"0":"post-11914","1":"product","2":"type-product","3":"status-publish","4":"has-post-thumbnail","6":"product_cat-kromatografi","7":"product_cat-oernek-filtreleme","8":"product_cat-siringa-filtresi","10":"first","11":"instock","12":"shipping-taxable","13":"product-type-simple"},"_links":{"self":[{"href":"https:\/\/develop.eam-scientific.com\/tr\/wp-json\/wp\/v2\/product\/11914","targetHints":{"allow":["GET"]}}],"collection":[{"href":"https:\/\/develop.eam-scientific.com\/tr\/wp-json\/wp\/v2\/product"}],"about":[{"href":"https:\/\/develop.eam-scientific.com\/tr\/wp-json\/wp\/v2\/types\/product"}],"replies":[{"embeddable":true,"href":"https:\/\/develop.eam-scientific.com\/tr\/wp-json\/wp\/v2\/comments?post=11914"}],"wp:featuredmedia":[{"embeddable":true,"href":"https:\/\/develop.eam-scientific.com\/tr\/wp-json\/wp\/v2\/media\/8558"}],"wp:attachment":[{"href":"https:\/\/develop.eam-scientific.com\/tr\/wp-json\/wp\/v2\/media?parent=11914"}],"wp:term":[{"taxonomy":"product_cat","embeddable":true,"href":"https:\/\/develop.eam-scientific.com\/tr\/wp-json\/wp\/v2\/product_cat?post=11914"},{"taxonomy":"product_tag","embeddable":true,"href":"https:\/\/develop.eam-scientific.com\/tr\/wp-json\/wp\/v2\/product_tag?post=11914"}],"curies":[{"name":"wp","href":"https:\/\/api.w.org\/{rel}","templated":true}]}}