{"id":11923,"date":"2024-06-20T14:58:59","date_gmt":"2024-06-20T12:58:59","guid":{"rendered":"http:\/\/develop.eam-scientific.com\/produkt\/siringa-filtreleri-etiketli-chromafil-xtra-pet-02-%c2%b5m-2\/"},"modified":"2024-06-20T14:58:59","modified_gmt":"2024-06-20T12:58:59","slug":"siringa-filtreleri-etiketli-chromafil-xtra-pet-02-%c2%b5m-2","status":"publish","type":"product","link":"https:\/\/develop.eam-scientific.com\/tr\/produkt\/siringa-filtreleri-etiketli-chromafil-xtra-pet-02-%c2%b5m-2\/","title":{"rendered":"\u015e\u0131r\u0131nga filtreleri, etiketli, CHROMAFIL Xtra PET, 0,2 \u00b5m"},"content":{"rendered":"<p>\u015e\u0131r\u0131nga filtrenin i\u00e7inde membran malzemesi olarak polyester (polietilen tereftalat) kullan\u0131l\u0131r. Hidrofilik \u00e7ok y\u00f6nl\u00fc PET membran hem polar hem de polar olmayan \u00e7\u00f6zeltiler i\u00e7in uygundur. \u00d6zellikle su ve organik \u00e7\u00f6z\u00fcc\u00fc kar\u0131\u015f\u0131mlar\u0131 i\u00e7in uygun olan HPLC filtresidir. Sitotoksik de\u011fildir ve mikroorganizmalar\u0131n ve y\u00fcksek h\u00fccrelerin b\u00fcy\u00fcmesini engellemez. T\u00fcm CHROMAFIL filtreleri otoklavlanabilir (121 \u00b0C ve 30 dakika boyunca 1,1 bar)!  <\/p>\n","protected":false},"excerpt":{"rendered":"<p>\u015e\u0131r\u0131nga filtrenin i\u00e7inde membran malzemesi olarak polyester (polietilen tereftalat) kullan\u0131l\u0131r. Hidrofilik \u00e7ok y\u00f6nl\u00fc PET membran hem polar hem de polar olmayan \u00e7\u00f6zeltiler i\u00e7in uygundur. \u00d6zellikle su ve organik \u00e7\u00f6z\u00fcc\u00fc kar\u0131\u015f\u0131mlar\u0131 i\u00e7in uygun olan HPLC filtresidir. Sitotoksik de\u011fildir ve mikroorganizmalar\u0131n ve y\u00fcksek h\u00fccrelerin b\u00fcy\u00fcmesini engellemez. T\u00fcm CHROMAFIL filtreleri otoklavlanabilir (121 \u00b0C ve 30 dakika boyunca 1,1 [&hellip;]<\/p>\n","protected":false},"featured_media":15562,"comment_status":"open","ping_status":"closed","template":"","meta":[],"product_cat":[67,84,85],"product_tag":[],"class_list":{"0":"post-11923","1":"product","2":"type-product","3":"status-publish","4":"has-post-thumbnail","6":"product_cat-kromatografi","7":"product_cat-oernek-filtreleme","8":"product_cat-siringa-filtresi","10":"first","11":"instock","12":"shipping-taxable","13":"product-type-simple"},"_links":{"self":[{"href":"https:\/\/develop.eam-scientific.com\/tr\/wp-json\/wp\/v2\/product\/11923","targetHints":{"allow":["GET"]}}],"collection":[{"href":"https:\/\/develop.eam-scientific.com\/tr\/wp-json\/wp\/v2\/product"}],"about":[{"href":"https:\/\/develop.eam-scientific.com\/tr\/wp-json\/wp\/v2\/types\/product"}],"replies":[{"embeddable":true,"href":"https:\/\/develop.eam-scientific.com\/tr\/wp-json\/wp\/v2\/comments?post=11923"}],"wp:featuredmedia":[{"embeddable":true,"href":"https:\/\/develop.eam-scientific.com\/tr\/wp-json\/wp\/v2\/media\/15562"}],"wp:attachment":[{"href":"https:\/\/develop.eam-scientific.com\/tr\/wp-json\/wp\/v2\/media?parent=11923"}],"wp:term":[{"taxonomy":"product_cat","embeddable":true,"href":"https:\/\/develop.eam-scientific.com\/tr\/wp-json\/wp\/v2\/product_cat?post=11923"},{"taxonomy":"product_tag","embeddable":true,"href":"https:\/\/develop.eam-scientific.com\/tr\/wp-json\/wp\/v2\/product_tag?post=11923"}],"curies":[{"name":"wp","href":"https:\/\/api.w.org\/{rel}","templated":true}]}}