{"id":11933,"date":"2024-06-20T14:58:38","date_gmt":"2024-06-20T12:58:38","guid":{"rendered":"http:\/\/develop.eam-scientific.com\/produkt\/siringa-filtreler-etiketli-chromafil-xtra-ca-02-%c2%b5m\/"},"modified":"2024-06-20T14:58:38","modified_gmt":"2024-06-20T12:58:38","slug":"siringa-filtreler-etiketli-chromafil-xtra-ca-02-%c2%b5m","status":"publish","type":"product","link":"https:\/\/develop.eam-scientific.com\/tr\/produkt\/siringa-filtreler-etiketli-chromafil-xtra-ca-02-%c2%b5m\/","title":{"rendered":"\u015e\u0131r\u0131nga filtreler, etiketli, CHROMAFIL Xtra CA, 0,2 \u00b5m"},"content":{"rendered":"<p>\u015e\u0131r\u0131nga filtrenin i\u00e7inde membran malzemesi olarak sel\u00fcloz asetat kullan\u0131l\u0131r. Hidrofilik CA membran\u0131, \u00f6zellikle sulu \u00e7\u00f6zeltilerde \u00e7ok y\u00fcksek boyutsal kararl\u0131l\u0131\u011fa sahip biyolojik makromolek\u00fcller olmak \u00fczere suda \u00e7\u00f6z\u00fcnen oligomerlerin ve polimerlerin filtrasyonu i\u00e7in uygundur. Proteinler i\u00e7in son derece d\u00fc\u015f\u00fck ba\u011flanma kapasitesi. Metot validasyonu ve sertifikasyonu i\u00e7in etiketlenmi\u015ftir. T\u00fcm CHROMAFIL filtreleri otoklavlanabilir (121 \u00b0C ve 30 dakika boyunca 1,1 bar)! Not &#8211; Steril ko\u015fullar alt\u0131nda filtreleme i\u00e7in steril ambalajda (S) da mevcuttur (her filtre renk kodludur ve ayr\u0131 ayr\u0131 kapat\u0131lm\u0131\u015ft\u0131r).  <\/p>\n","protected":false},"excerpt":{"rendered":"<p>\u015e\u0131r\u0131nga filtrenin i\u00e7inde membran malzemesi olarak sel\u00fcloz asetat kullan\u0131l\u0131r. Hidrofilik CA membran\u0131, \u00f6zellikle sulu \u00e7\u00f6zeltilerde \u00e7ok y\u00fcksek boyutsal kararl\u0131l\u0131\u011fa sahip biyolojik makromolek\u00fcller olmak \u00fczere suda \u00e7\u00f6z\u00fcnen oligomerlerin ve polimerlerin filtrasyonu i\u00e7in uygundur. Proteinler i\u00e7in son derece d\u00fc\u015f\u00fck ba\u011flanma kapasitesi. Metot validasyonu ve sertifikasyonu i\u00e7in etiketlenmi\u015ftir. T\u00fcm CHROMAFIL filtreleri otoklavlanabilir (121 \u00b0C ve 30 dakika boyunca [&hellip;]<\/p>\n","protected":false},"featured_media":8534,"comment_status":"open","ping_status":"closed","template":"","meta":[],"product_cat":[67,84,85],"product_tag":[],"class_list":{"0":"post-11933","1":"product","2":"type-product","3":"status-publish","4":"has-post-thumbnail","6":"product_cat-kromatografi","7":"product_cat-oernek-filtreleme","8":"product_cat-siringa-filtresi","10":"first","11":"instock","12":"shipping-taxable","13":"product-type-simple"},"_links":{"self":[{"href":"https:\/\/develop.eam-scientific.com\/tr\/wp-json\/wp\/v2\/product\/11933","targetHints":{"allow":["GET"]}}],"collection":[{"href":"https:\/\/develop.eam-scientific.com\/tr\/wp-json\/wp\/v2\/product"}],"about":[{"href":"https:\/\/develop.eam-scientific.com\/tr\/wp-json\/wp\/v2\/types\/product"}],"replies":[{"embeddable":true,"href":"https:\/\/develop.eam-scientific.com\/tr\/wp-json\/wp\/v2\/comments?post=11933"}],"wp:featuredmedia":[{"embeddable":true,"href":"https:\/\/develop.eam-scientific.com\/tr\/wp-json\/wp\/v2\/media\/8534"}],"wp:attachment":[{"href":"https:\/\/develop.eam-scientific.com\/tr\/wp-json\/wp\/v2\/media?parent=11933"}],"wp:term":[{"taxonomy":"product_cat","embeddable":true,"href":"https:\/\/develop.eam-scientific.com\/tr\/wp-json\/wp\/v2\/product_cat?post=11933"},{"taxonomy":"product_tag","embeddable":true,"href":"https:\/\/develop.eam-scientific.com\/tr\/wp-json\/wp\/v2\/product_tag?post=11933"}],"curies":[{"name":"wp","href":"https:\/\/api.w.org\/{rel}","templated":true}]}}