{"id":11944,"date":"2024-06-20T14:58:38","date_gmt":"2024-06-20T12:58:38","guid":{"rendered":"http:\/\/develop.eam-scientific.com\/produkt\/siringa-filtreleri-kombi-chromafil-xtra-gf-pa-1-%c2%b5m-02-%c2%b5m\/"},"modified":"2024-06-20T14:58:38","modified_gmt":"2024-06-20T12:58:38","slug":"siringa-filtreleri-kombi-chromafil-xtra-gf-pa-1-%c2%b5m-02-%c2%b5m","status":"publish","type":"product","link":"https:\/\/develop.eam-scientific.com\/tr\/produkt\/siringa-filtreleri-kombi-chromafil-xtra-gf-pa-1-%c2%b5m-02-%c2%b5m\/","title":{"rendered":"\u015e\u0131r\u0131nga filtreleri (kombi), CHROMAFIL Xtra GF \/ PA, 1 \u00b5m \/ 0,2 \u00b5m"},"content":{"rendered":"<p>Kombi \u015f\u0131r\u0131nga filtreleri, y\u00fcksek partik\u00fcl y\u00fck\u00fcne sahip \u00e7\u00f6zeltiler veya y\u00fcksek viskoziteli \u00e7\u00f6zeltiler i\u00e7in \u00f6nerilir. Bu \u00fcr\u00fcnler kaba bir cam elyaf \u00f6n filtre ile ana filtre olarak dar g\u00f6zenekli bir poliamid membran\u0131 birle\u015ftirir. &nbsp; Hafif hidrofilik PA membran, orta polariteli organik-sulu s\u0131v\u0131lar\u0131n filtrasyonu i\u00e7in kullan\u0131l\u0131r. Metot validasyonu ve sertifikasyonu i\u00e7in etiketlenmi\u015ftir. T\u00fcm CHROMAFIL filtreleri otoklavlanabilir (121 \u00b0C ve 30 dakika boyunca 1,1 bar)!<\/p>\n","protected":false},"excerpt":{"rendered":"<p>Kombi \u015f\u0131r\u0131nga filtreleri, y\u00fcksek partik\u00fcl y\u00fck\u00fcne sahip \u00e7\u00f6zeltiler veya y\u00fcksek viskoziteli \u00e7\u00f6zeltiler i\u00e7in \u00f6nerilir. Bu \u00fcr\u00fcnler kaba bir cam elyaf \u00f6n filtre ile ana filtre olarak dar g\u00f6zenekli bir poliamid membran\u0131 birle\u015ftirir. &nbsp; Hafif hidrofilik PA membran, orta polariteli organik-sulu s\u0131v\u0131lar\u0131n filtrasyonu i\u00e7in kullan\u0131l\u0131r. Metot validasyonu ve sertifikasyonu i\u00e7in etiketlenmi\u015ftir. T\u00fcm CHROMAFIL filtreleri otoklavlanabilir (121 [&hellip;]<\/p>\n","protected":false},"featured_media":8528,"comment_status":"open","ping_status":"closed","template":"","meta":[],"product_cat":[67,84,85],"product_tag":[],"class_list":{"0":"post-11944","1":"product","2":"type-product","3":"status-publish","4":"has-post-thumbnail","6":"product_cat-kromatografi","7":"product_cat-oernek-filtreleme","8":"product_cat-siringa-filtresi","10":"first","11":"instock","12":"shipping-taxable","13":"product-type-simple"},"_links":{"self":[{"href":"https:\/\/develop.eam-scientific.com\/tr\/wp-json\/wp\/v2\/product\/11944","targetHints":{"allow":["GET"]}}],"collection":[{"href":"https:\/\/develop.eam-scientific.com\/tr\/wp-json\/wp\/v2\/product"}],"about":[{"href":"https:\/\/develop.eam-scientific.com\/tr\/wp-json\/wp\/v2\/types\/product"}],"replies":[{"embeddable":true,"href":"https:\/\/develop.eam-scientific.com\/tr\/wp-json\/wp\/v2\/comments?post=11944"}],"wp:featuredmedia":[{"embeddable":true,"href":"https:\/\/develop.eam-scientific.com\/tr\/wp-json\/wp\/v2\/media\/8528"}],"wp:attachment":[{"href":"https:\/\/develop.eam-scientific.com\/tr\/wp-json\/wp\/v2\/media?parent=11944"}],"wp:term":[{"taxonomy":"product_cat","embeddable":true,"href":"https:\/\/develop.eam-scientific.com\/tr\/wp-json\/wp\/v2\/product_cat?post=11944"},{"taxonomy":"product_tag","embeddable":true,"href":"https:\/\/develop.eam-scientific.com\/tr\/wp-json\/wp\/v2\/product_tag?post=11944"}],"curies":[{"name":"wp","href":"https:\/\/api.w.org\/{rel}","templated":true}]}}