{"id":11957,"date":"2024-06-20T14:58:38","date_gmt":"2024-06-20T12:58:38","guid":{"rendered":"http:\/\/develop.eam-scientific.com\/produkt\/siringa-filtreleri-etiketli-chromafil-xtra-pes-5-%c2%b5m\/"},"modified":"2024-06-20T14:58:38","modified_gmt":"2024-06-20T12:58:38","slug":"siringa-filtreleri-etiketli-chromafil-xtra-pes-5-%c2%b5m","status":"publish","type":"product","link":"https:\/\/develop.eam-scientific.com\/tr\/produkt\/siringa-filtreleri-etiketli-chromafil-xtra-pes-5-%c2%b5m\/","title":{"rendered":"\u015e\u0131r\u0131nga filtreleri, etiketli, CHROMAFIL Xtra PES, 5 \u00b5m"},"content":{"rendered":"<p>\u015e\u0131r\u0131nga filtrenin i\u00e7inde membran malzemesi olarak polieters\u00fclfon kullan\u0131l\u0131r. Hidrofilik PES membran, sulu ve hafif organik s\u0131v\u0131lar i\u00e7in uygundur. Bu filtre, asitlere ve bazlara kar\u015f\u0131 iyi bir stabilitenin yan\u0131 s\u0131ra farmas\u00f6tikler ve proteinler i\u00e7in \u00e7ok d\u00fc\u015f\u00fck adsorpsiyon ile karakterize edilir. Metot validasyonu ve sertifikasyonu i\u00e7in etiketlenmi\u015ftir. T\u00fcm CHROMAFIL filtreleri otoklavlanabilir (121 \u00b0C ve 30 dakika boyunca 1,1 bar)!  <\/p>\n","protected":false},"excerpt":{"rendered":"<p>\u015e\u0131r\u0131nga filtrenin i\u00e7inde membran malzemesi olarak polieters\u00fclfon kullan\u0131l\u0131r. Hidrofilik PES membran, sulu ve hafif organik s\u0131v\u0131lar i\u00e7in uygundur. Bu filtre, asitlere ve bazlara kar\u015f\u0131 iyi bir stabilitenin yan\u0131 s\u0131ra farmas\u00f6tikler ve proteinler i\u00e7in \u00e7ok d\u00fc\u015f\u00fck adsorpsiyon ile karakterize edilir. Metot validasyonu ve sertifikasyonu i\u00e7in etiketlenmi\u015ftir. T\u00fcm CHROMAFIL filtreleri otoklavlanabilir (121 \u00b0C ve 30 dakika boyunca [&hellip;]<\/p>\n","protected":false},"featured_media":8512,"comment_status":"open","ping_status":"closed","template":"","meta":[],"product_cat":[67,84,85],"product_tag":[],"class_list":{"0":"post-11957","1":"product","2":"type-product","3":"status-publish","4":"has-post-thumbnail","6":"product_cat-kromatografi","7":"product_cat-oernek-filtreleme","8":"product_cat-siringa-filtresi","10":"first","11":"instock","12":"shipping-taxable","13":"product-type-simple"},"_links":{"self":[{"href":"https:\/\/develop.eam-scientific.com\/tr\/wp-json\/wp\/v2\/product\/11957","targetHints":{"allow":["GET"]}}],"collection":[{"href":"https:\/\/develop.eam-scientific.com\/tr\/wp-json\/wp\/v2\/product"}],"about":[{"href":"https:\/\/develop.eam-scientific.com\/tr\/wp-json\/wp\/v2\/types\/product"}],"replies":[{"embeddable":true,"href":"https:\/\/develop.eam-scientific.com\/tr\/wp-json\/wp\/v2\/comments?post=11957"}],"wp:featuredmedia":[{"embeddable":true,"href":"https:\/\/develop.eam-scientific.com\/tr\/wp-json\/wp\/v2\/media\/8512"}],"wp:attachment":[{"href":"https:\/\/develop.eam-scientific.com\/tr\/wp-json\/wp\/v2\/media?parent=11957"}],"wp:term":[{"taxonomy":"product_cat","embeddable":true,"href":"https:\/\/develop.eam-scientific.com\/tr\/wp-json\/wp\/v2\/product_cat?post=11957"},{"taxonomy":"product_tag","embeddable":true,"href":"https:\/\/develop.eam-scientific.com\/tr\/wp-json\/wp\/v2\/product_tag?post=11957"}],"curies":[{"name":"wp","href":"https:\/\/api.w.org\/{rel}","templated":true}]}}