{"id":11993,"date":"2024-06-20T14:58:18","date_gmt":"2024-06-20T12:58:18","guid":{"rendered":"http:\/\/develop.eam-scientific.com\/produkt\/1-3-6-ml-chromabond-spe-polipropilen-kolonlar-pp-icin-adaptoer\/"},"modified":"2024-06-20T14:58:18","modified_gmt":"2024-06-20T12:58:18","slug":"1-3-6-ml-chromabond-spe-polipropilen-kolonlar-pp-icin-adaptoer","status":"publish","type":"product","link":"https:\/\/develop.eam-scientific.com\/tr\/produkt\/1-3-6-ml-chromabond-spe-polipropilen-kolonlar-pp-icin-adaptoer\/","title":{"rendered":"1, 3, 6 mL CHROMABOND SPE polipropilen kolonlar (PP) i\u00e7in adapt\u00f6r"},"content":{"rendered":"<p>1, 3 ve 6 mL CHROMABOND SPE polipropilen (PP) kolonlar i\u00e7in adapt\u00f6r.<span><br \/><\/span><\/p>\n","protected":false},"excerpt":{"rendered":"<p>1, 3 ve 6 mL CHROMABOND SPE polipropilen (PP) kolonlar i\u00e7in adapt\u00f6r.<\/p>\n","protected":false},"featured_media":8474,"comment_status":"open","ping_status":"closed","template":"","meta":[],"product_cat":[68,67,89],"product_tag":[],"class_list":{"0":"post-11993","1":"product","2":"type-product","3":"status-publish","4":"has-post-thumbnail","6":"product_cat-kati-faz-ekstraksiyonu-spe","7":"product_cat-kromatografi","8":"product_cat-spe-aksesuarlari","10":"first","11":"instock","12":"shipping-taxable","13":"product-type-simple"},"_links":{"self":[{"href":"https:\/\/develop.eam-scientific.com\/tr\/wp-json\/wp\/v2\/product\/11993","targetHints":{"allow":["GET"]}}],"collection":[{"href":"https:\/\/develop.eam-scientific.com\/tr\/wp-json\/wp\/v2\/product"}],"about":[{"href":"https:\/\/develop.eam-scientific.com\/tr\/wp-json\/wp\/v2\/types\/product"}],"replies":[{"embeddable":true,"href":"https:\/\/develop.eam-scientific.com\/tr\/wp-json\/wp\/v2\/comments?post=11993"}],"wp:featuredmedia":[{"embeddable":true,"href":"https:\/\/develop.eam-scientific.com\/tr\/wp-json\/wp\/v2\/media\/8474"}],"wp:attachment":[{"href":"https:\/\/develop.eam-scientific.com\/tr\/wp-json\/wp\/v2\/media?parent=11993"}],"wp:term":[{"taxonomy":"product_cat","embeddable":true,"href":"https:\/\/develop.eam-scientific.com\/tr\/wp-json\/wp\/v2\/product_cat?post=11993"},{"taxonomy":"product_tag","embeddable":true,"href":"https:\/\/develop.eam-scientific.com\/tr\/wp-json\/wp\/v2\/product_tag?post=11993"}],"curies":[{"name":"wp","href":"https:\/\/api.w.org\/{rel}","templated":true}]}}