{"id":12006,"date":"2024-06-20T14:58:18","date_gmt":"2024-06-20T12:58:18","guid":{"rendered":"http:\/\/develop.eam-scientific.com\/produkt\/chromabond-polipropilen-pp-santrifuej-tuepleri-50-ml-kapakli-bos\/"},"modified":"2024-06-20T14:58:18","modified_gmt":"2024-06-20T12:58:18","slug":"chromabond-polipropilen-pp-santrifuej-tuepleri-50-ml-kapakli-bos","status":"publish","type":"product","link":"https:\/\/develop.eam-scientific.com\/tr\/produkt\/chromabond-polipropilen-pp-santrifuej-tuepleri-50-ml-kapakli-bos\/","title":{"rendered":"CHROMABOND polipropilen (PP) santrif\u00fcj t\u00fcpleri, 50 mL kapakl\u0131, bo\u015f"},"content":{"rendered":"<p>QuECHER i\u00e7in bo\u015f CHROMABOND polipropilen (PP) santrif\u00fcj t\u00fcpleri, 50 mL, vidal\u0131 kapakl\u0131.<\/p>\n","protected":false},"excerpt":{"rendered":"<p>QuECHER i\u00e7in bo\u015f CHROMABOND polipropilen (PP) santrif\u00fcj t\u00fcpleri, 50 mL, vidal\u0131 kapakl\u0131.<\/p>\n","protected":false},"featured_media":8462,"comment_status":"open","ping_status":"closed","template":"","meta":[],"product_cat":[68,67,89],"product_tag":[],"class_list":{"0":"post-12006","1":"product","2":"type-product","3":"status-publish","4":"has-post-thumbnail","6":"product_cat-kati-faz-ekstraksiyonu-spe","7":"product_cat-kromatografi","8":"product_cat-spe-aksesuarlari","10":"first","11":"instock","12":"shipping-taxable","13":"product-type-simple"},"_links":{"self":[{"href":"https:\/\/develop.eam-scientific.com\/tr\/wp-json\/wp\/v2\/product\/12006","targetHints":{"allow":["GET"]}}],"collection":[{"href":"https:\/\/develop.eam-scientific.com\/tr\/wp-json\/wp\/v2\/product"}],"about":[{"href":"https:\/\/develop.eam-scientific.com\/tr\/wp-json\/wp\/v2\/types\/product"}],"replies":[{"embeddable":true,"href":"https:\/\/develop.eam-scientific.com\/tr\/wp-json\/wp\/v2\/comments?post=12006"}],"wp:featuredmedia":[{"embeddable":true,"href":"https:\/\/develop.eam-scientific.com\/tr\/wp-json\/wp\/v2\/media\/8462"}],"wp:attachment":[{"href":"https:\/\/develop.eam-scientific.com\/tr\/wp-json\/wp\/v2\/media?parent=12006"}],"wp:term":[{"taxonomy":"product_cat","embeddable":true,"href":"https:\/\/develop.eam-scientific.com\/tr\/wp-json\/wp\/v2\/product_cat?post=12006"},{"taxonomy":"product_tag","embeddable":true,"href":"https:\/\/develop.eam-scientific.com\/tr\/wp-json\/wp\/v2\/product_tag?post=12006"}],"curies":[{"name":"wp","href":"https:\/\/api.w.org\/{rel}","templated":true}]}}