{"id":12011,"date":"2024-06-20T14:58:18","date_gmt":"2024-06-20T12:58:18","guid":{"rendered":"http:\/\/develop.eam-scientific.com\/produkt\/1-3-6-ml-chromabond-spe-kolonlari-icin-agirliga-sahip-tuep-adaptoerue\/"},"modified":"2024-06-20T14:58:18","modified_gmt":"2024-06-20T12:58:18","slug":"1-3-6-ml-chromabond-spe-kolonlari-icin-agirliga-sahip-tuep-adaptoerue","status":"publish","type":"product","link":"https:\/\/develop.eam-scientific.com\/tr\/produkt\/1-3-6-ml-chromabond-spe-kolonlari-icin-agirliga-sahip-tuep-adaptoerue\/","title":{"rendered":"1, 3, 6 mL CHROMABOND SPE kolonlar\u0131 i\u00e7in a\u011f\u0131rl\u0131\u011fa sahip t\u00fcp adapt\u00f6r\u00fc"},"content":{"rendered":"<p>SPE kolonlar\u0131nda (PP, 1 mL, 3 mL, 6 mL) b\u00fcy\u00fck \u00f6rnek hacimlerinin uygulanmas\u0131 i\u00e7in CHROMABOND t\u00fcp adapt\u00f6r\u00fc, dahil. A\u011f\u0131rl\u0131kl\u0131 PTFE hortumlar (yakla\u015f\u0131k 1 m).<\/p>\n","protected":false},"excerpt":{"rendered":"<p>SPE kolonlar\u0131nda (PP, 1 mL, 3 mL, 6 mL) b\u00fcy\u00fck \u00f6rnek hacimlerinin uygulanmas\u0131 i\u00e7in CHROMABOND t\u00fcp adapt\u00f6r\u00fc, dahil. A\u011f\u0131rl\u0131kl\u0131 PTFE hortumlar (yakla\u015f\u0131k 1 m).<\/p>\n","protected":false},"featured_media":8460,"comment_status":"open","ping_status":"closed","template":"","meta":[],"product_cat":[68,67,89],"product_tag":[],"class_list":{"0":"post-12011","1":"product","2":"type-product","3":"status-publish","4":"has-post-thumbnail","6":"product_cat-kati-faz-ekstraksiyonu-spe","7":"product_cat-kromatografi","8":"product_cat-spe-aksesuarlari","10":"first","11":"instock","12":"shipping-taxable","13":"product-type-simple"},"_links":{"self":[{"href":"https:\/\/develop.eam-scientific.com\/tr\/wp-json\/wp\/v2\/product\/12011","targetHints":{"allow":["GET"]}}],"collection":[{"href":"https:\/\/develop.eam-scientific.com\/tr\/wp-json\/wp\/v2\/product"}],"about":[{"href":"https:\/\/develop.eam-scientific.com\/tr\/wp-json\/wp\/v2\/types\/product"}],"replies":[{"embeddable":true,"href":"https:\/\/develop.eam-scientific.com\/tr\/wp-json\/wp\/v2\/comments?post=12011"}],"wp:featuredmedia":[{"embeddable":true,"href":"https:\/\/develop.eam-scientific.com\/tr\/wp-json\/wp\/v2\/media\/8460"}],"wp:attachment":[{"href":"https:\/\/develop.eam-scientific.com\/tr\/wp-json\/wp\/v2\/media?parent=12011"}],"wp:term":[{"taxonomy":"product_cat","embeddable":true,"href":"https:\/\/develop.eam-scientific.com\/tr\/wp-json\/wp\/v2\/product_cat?post=12011"},{"taxonomy":"product_tag","embeddable":true,"href":"https:\/\/develop.eam-scientific.com\/tr\/wp-json\/wp\/v2\/product_tag?post=12011"}],"curies":[{"name":"wp","href":"https:\/\/api.w.org\/{rel}","templated":true}]}}