{"id":12022,"date":"2024-06-20T14:57:59","date_gmt":"2024-06-20T12:57:59","guid":{"rendered":"http:\/\/develop.eam-scientific.com\/produkt\/spe-vakum-odalari-icin-chromabond-paslanmaz-celik-konektoerler\/"},"modified":"2024-06-28T10:11:39","modified_gmt":"2024-06-28T08:11:39","slug":"spe-vakum-odalari-icin-chromabond-paslanmaz-celik-konektoerler","status":"publish","type":"product","link":"https:\/\/develop.eam-scientific.com\/tr\/produkt\/spe-vakum-odalari-icin-chromabond-paslanmaz-celik-konektoerler\/","title":{"rendered":"SPE vakum odalar\u0131 i\u00e7in CHROMABOND paslanmaz \u00e7elik konekt\u00f6rler"},"content":{"rendered":"<p>\u00c7apraz kontaminasyona kar\u015f\u0131 maksimum koruma gerektiren \u00f6zel uygulamalar i\u00e7in krom kaplamal\u0131 pirin\u00e7 musluklar ve paslanmaz \u00e7elik veya PTFE&#8217;den yap\u0131lm\u0131\u015f konekt\u00f6rler tedarik ediyoruz. Bu \u00f6zel konekt\u00f6rler kapa\u011f\u0131n i\u00e7inden tak\u0131l\u0131r. Bu, numunenin yaln\u0131zca inert konekt\u00f6rle temas etti\u011fi ve do\u011frudan toplama kab\u0131na akabilece\u011fi anlam\u0131na gelir.<\/p>\n","protected":false},"excerpt":{"rendered":"<p>\u00c7apraz kontaminasyona kar\u015f\u0131 maksimum koruma gerektiren \u00f6zel uygulamalar i\u00e7in krom kaplamal\u0131 pirin\u00e7 musluklar ve paslanmaz \u00e7elik veya PTFE&#8217;den yap\u0131lm\u0131\u015f konekt\u00f6rler tedarik ediyoruz. Bu \u00f6zel konekt\u00f6rler kapa\u011f\u0131n i\u00e7inden tak\u0131l\u0131r. Bu, numunenin yaln\u0131zca inert konekt\u00f6rle temas etti\u011fi ve do\u011frudan toplama kab\u0131na akabilece\u011fi anlam\u0131na gelir.<\/p>\n","protected":false},"featured_media":8444,"comment_status":"open","ping_status":"closed","template":"","meta":[],"product_cat":[68,67,89],"product_tag":[],"class_list":{"0":"post-12022","1":"product","2":"type-product","3":"status-publish","4":"has-post-thumbnail","6":"product_cat-kati-faz-ekstraksiyonu-spe","7":"product_cat-kromatografi","8":"product_cat-spe-aksesuarlari","10":"first","11":"instock","12":"shipping-taxable","13":"product-type-simple"},"_links":{"self":[{"href":"https:\/\/develop.eam-scientific.com\/tr\/wp-json\/wp\/v2\/product\/12022","targetHints":{"allow":["GET"]}}],"collection":[{"href":"https:\/\/develop.eam-scientific.com\/tr\/wp-json\/wp\/v2\/product"}],"about":[{"href":"https:\/\/develop.eam-scientific.com\/tr\/wp-json\/wp\/v2\/types\/product"}],"replies":[{"embeddable":true,"href":"https:\/\/develop.eam-scientific.com\/tr\/wp-json\/wp\/v2\/comments?post=12022"}],"wp:featuredmedia":[{"embeddable":true,"href":"https:\/\/develop.eam-scientific.com\/tr\/wp-json\/wp\/v2\/media\/8444"}],"wp:attachment":[{"href":"https:\/\/develop.eam-scientific.com\/tr\/wp-json\/wp\/v2\/media?parent=12022"}],"wp:term":[{"taxonomy":"product_cat","embeddable":true,"href":"https:\/\/develop.eam-scientific.com\/tr\/wp-json\/wp\/v2\/product_cat?post=12022"},{"taxonomy":"product_tag","embeddable":true,"href":"https:\/\/develop.eam-scientific.com\/tr\/wp-json\/wp\/v2\/product_tag?post=12022"}],"curies":[{"name":"wp","href":"https:\/\/api.w.org\/{rel}","templated":true}]}}